{"id":4567,"date":"2023-03-03T10:36:41","date_gmt":"2023-03-03T09:36:41","guid":{"rendered":"http:\/\/www.hubert-asam.de\/?page_id=4567"},"modified":"2023-03-03T13:26:33","modified_gmt":"2023-03-03T12:26:33","slug":"kleiner-wolf-e-v","status":"publish","type":"page","link":"https:\/\/www.hubert-asam.de\/?page_id=4567","title":{"rendered":"Kleiner Wolf e.v."},"content":{"rendered":"\n<h2 class=\"wp-block-heading\"><a href=\"https:\/\/www.kleiner-wolf.org\">Kleiner Wolf e.v.<\/a><\/h2>\n\n\n\n<p>Im September 2022 ist ein gro\u00dfer Wunsch in Erf\u00fcllung gegangen.<br>Meine Arbeit, die zum Ziel hat Menschen Unterricht zu erm\u00f6glichen, der ihnen lehrt wie in der Natur kommuniziert wird, in der gelehrt wird wie Natur und soziales Leben ist geht in die Arbeit einer Gemeinschaft \u00fcber.<br>Der gemeinn\u00fctzige Verein &#8222;kleiner Wolf e.V.&#8220; ist gegr\u00fcndet und die Gemeinn\u00fctzigkeit ist anerkannt.<br>Die meisten meiner eigenen Termine sind, wie alle Infos bez\u00fcglich der Projekte um Seminare\/Schulprojekte, theoretischen und praktischen Unterricht auf <a href=\"https:\/\/www.kleiner-wolf.org\">www.kleiner-wolf.de<\/a> zu finden.<br><br>Alle Projekte die sich um Naturschutz, Wolfsforschung, Landschaftsschutz, Kommunikation drehen werden auch nach und nach im Verein aufgehen, damit meine Arbeit und das damit verbundene Bewu\u00dftsein f\u00fcr Natur weiter bestehen wird.<br><br>Ich bitte sie sich daran zu beteiligen, egal ob aktiv mit dabei oder passiv im Hintergrund.<br><br><a href=\"http:\/\/www.hubert-asam.de\/WP\/wp-content\/uploads\/2023\/03\/Mitgliedsantrag-Kleiner-Wolf-e.V.pdf\">Mitgliedsantrag Kleiner Wolf e.V<\/a><\/p>\n\n\n\n<figure class=\"wp-block-image size-large is-resized\"><a href=\"https:\/\/www.kleiner-wolf.org\"><img loading=\"lazy\" decoding=\"async\" src=\"http:\/\/www.hubert-asam.de\/WP\/wp-content\/uploads\/2023\/03\/IMG_2224-768x1024.jpg\" alt=\"\" class=\"wp-image-4576\" width=\"223\" height=\"297\" srcset=\"https:\/\/www.hubert-asam.de\/WP\/wp-content\/uploads\/2023\/03\/IMG_2224-768x1024.jpg 768w, https:\/\/www.hubert-asam.de\/WP\/wp-content\/uploads\/2023\/03\/IMG_2224-225x300.jpg 225w, https:\/\/www.hubert-asam.de\/WP\/wp-content\/uploads\/2023\/03\/IMG_2224-1152x1536.jpg 1152w, https:\/\/www.hubert-asam.de\/WP\/wp-content\/uploads\/2023\/03\/IMG_2224-1536x2048.jpg 1536w, https:\/\/www.hubert-asam.de\/WP\/wp-content\/uploads\/2023\/03\/IMG_2224-1080x1440.jpg 1080w, https:\/\/www.hubert-asam.de\/WP\/wp-content\/uploads\/2023\/03\/IMG_2224-scaled.jpg 1920w\" sizes=\"(max-width: 223px) 100vw, 223px\" \/><\/a><figcaption>Wochen- Intensiv-Seminar in Italien<\/figcaption><\/figure>\n\n\n\n<p><br>Wir geben Seminare in Kommunikation mit Hunden.<br>Wir geben Seminare zur Pers\u00f6nlichkeitsentwicklung mit Hilfe des eigenen Hundes.<br>Wir geben Seminare zur Kommunikation mit Pferd und Hund.<br>Wir geben Teambuildingseminare anhand der Entscheidungskompetenz von Tieren.<br>Wir erforschen die Wolfspopulation rund um die Kleintiere und Pferde die wir in Italien halten<br>Wir erforschen die M\u00f6glichkeiten von Wolfsprotektion, Kleintier- und Pferdezucht und Landschaftsschutz.<br>Wir f\u00fchren Schulprojekte durch.<br>Wir laden sie zu Natur &#8211; und Unterrichtswochen ein.<br><br><\/p>\n\n\n\n<figure class=\"wp-block-image size-large\"><a href=\"https:\/\/www.kleiner-wolf.org\"><img loading=\"lazy\" decoding=\"async\" width=\"1024\" height=\"768\" src=\"http:\/\/www.hubert-asam.de\/WP\/wp-content\/uploads\/2023\/03\/IMAG0203-2-1024x768.jpg\" alt=\"\" class=\"wp-image-4575\" srcset=\"https:\/\/www.hubert-asam.de\/WP\/wp-content\/uploads\/2023\/03\/IMAG0203-2-1024x768.jpg 1024w, https:\/\/www.hubert-asam.de\/WP\/wp-content\/uploads\/2023\/03\/IMAG0203-2-300x225.jpg 300w, https:\/\/www.hubert-asam.de\/WP\/wp-content\/uploads\/2023\/03\/IMAG0203-2-768x576.jpg 768w, https:\/\/www.hubert-asam.de\/WP\/wp-content\/uploads\/2023\/03\/IMAG0203-2-1536x1152.jpg 1536w, https:\/\/www.hubert-asam.de\/WP\/wp-content\/uploads\/2023\/03\/IMAG0203-2-2048x1536.jpg 2048w, https:\/\/www.hubert-asam.de\/WP\/wp-content\/uploads\/2023\/03\/IMAG0203-2-1080x810.jpg 1080w\" sizes=\"(max-width: 1024px) 100vw, 1024px\" \/><\/a><figcaption>(\u00d0\u008d\u00e2@\u00bd\u00e8\u0087<\/figcaption><\/figure>\n\n\n\n<p>Der R\u00fcde und zwei W\u00f6lfinnen des Paganuccio-Rudels in 10m Abstand zu den Pferden an meinem Haus.<br><br><br><a href=\"http:\/\/www.hubert-asam.de\/WP\/wp-content\/uploads\/2023\/03\/Mitgliedsantrag-Kleiner-Wolf-e.V.pdf\">Mitgliedsantrag Kleiner Wolf e.V<\/a><\/p>\n\n\n\n<figure class=\"wp-block-image size-large is-resized\"><a href=\"http:\/\/www.hubert-asam.de\/WP\/wp-content\/uploads\/2023\/03\/IMG_2172-scaled.jpg\"><img loading=\"lazy\" decoding=\"async\" src=\"http:\/\/www.hubert-asam.de\/WP\/wp-content\/uploads\/2023\/03\/IMG_2172-768x1024.jpg\" alt=\"\" class=\"wp-image-4586\" width=\"330\" height=\"440\" srcset=\"https:\/\/www.hubert-asam.de\/WP\/wp-content\/uploads\/2023\/03\/IMG_2172-768x1024.jpg 768w, https:\/\/www.hubert-asam.de\/WP\/wp-content\/uploads\/2023\/03\/IMG_2172-225x300.jpg 225w, https:\/\/www.hubert-asam.de\/WP\/wp-content\/uploads\/2023\/03\/IMG_2172-1152x1536.jpg 1152w, https:\/\/www.hubert-asam.de\/WP\/wp-content\/uploads\/2023\/03\/IMG_2172-1536x2048.jpg 1536w, https:\/\/www.hubert-asam.de\/WP\/wp-content\/uploads\/2023\/03\/IMG_2172-1080x1440.jpg 1080w, https:\/\/www.hubert-asam.de\/WP\/wp-content\/uploads\/2023\/03\/IMG_2172-scaled.jpg 1920w\" sizes=\"(max-width: 330px) 100vw, 330px\" \/><\/a><figcaption>Hier ist die Kamera bei Tag zu sehen, <br>im Hintergrund seht ihr meine Pferde. Koexistenz.<\/figcaption><\/figure>\n\n\n\n<div class=\"wp-block-group is-layout-flow wp-block-group-is-layout-flow\">\n<div class=\"wp-block-columns is-layout-flex wp-container-core-columns-is-layout-9d6595d7 wp-block-columns-is-layout-flex\">\n<div class=\"wp-block-column is-layout-flow wp-block-column-is-layout-flow\" style=\"flex-basis:100%\">\n<div class=\"wp-block-group is-layout-flow wp-block-group-is-layout-flow\">\n<div class=\"wp-block-image\"><figure class=\"alignright size-large is-resized\"><a href=\"http:\/\/www.hubert-asam.de\/WP\/wp-content\/uploads\/2023\/03\/cavalla-e-puledra-1-scaled.jpg\"><img loading=\"lazy\" decoding=\"async\" src=\"http:\/\/www.hubert-asam.de\/WP\/wp-content\/uploads\/2023\/03\/cavalla-e-puledra-1-1024x672.jpg\" alt=\"\" class=\"wp-image-4589\" width=\"497\" height=\"325\" srcset=\"https:\/\/www.hubert-asam.de\/WP\/wp-content\/uploads\/2023\/03\/cavalla-e-puledra-1-1024x672.jpg 1024w, https:\/\/www.hubert-asam.de\/WP\/wp-content\/uploads\/2023\/03\/cavalla-e-puledra-1-300x197.jpg 300w, https:\/\/www.hubert-asam.de\/WP\/wp-content\/uploads\/2023\/03\/cavalla-e-puledra-1-768x504.jpg 768w, https:\/\/www.hubert-asam.de\/WP\/wp-content\/uploads\/2023\/03\/cavalla-e-puledra-1-1536x1008.jpg 1536w, https:\/\/www.hubert-asam.de\/WP\/wp-content\/uploads\/2023\/03\/cavalla-e-puledra-1-2048x1344.jpg 2048w, https:\/\/www.hubert-asam.de\/WP\/wp-content\/uploads\/2023\/03\/cavalla-e-puledra-1-1080x709.jpg 1080w\" sizes=\"(max-width: 497px) 100vw, 497px\" \/><\/a><\/figure><\/div>\n\n\n\n<figure class=\"wp-block-image size-large is-resized\"><a href=\"http:\/\/www.hubert-asam.de\/WP\/wp-content\/uploads\/2023\/03\/Geburt-035-scaled.jpg\"><img loading=\"lazy\" decoding=\"async\" src=\"http:\/\/www.hubert-asam.de\/WP\/wp-content\/uploads\/2023\/03\/Geburt-035-1024x518.jpg\" alt=\"\" class=\"wp-image-4587\" width=\"242\" height=\"122\" srcset=\"https:\/\/www.hubert-asam.de\/WP\/wp-content\/uploads\/2023\/03\/Geburt-035-1024x518.jpg 1024w, https:\/\/www.hubert-asam.de\/WP\/wp-content\/uploads\/2023\/03\/Geburt-035-300x152.jpg 300w, https:\/\/www.hubert-asam.de\/WP\/wp-content\/uploads\/2023\/03\/Geburt-035-768x388.jpg 768w, https:\/\/www.hubert-asam.de\/WP\/wp-content\/uploads\/2023\/03\/Geburt-035-1536x777.jpg 1536w, https:\/\/www.hubert-asam.de\/WP\/wp-content\/uploads\/2023\/03\/Geburt-035-2048x1036.jpg 2048w, https:\/\/www.hubert-asam.de\/WP\/wp-content\/uploads\/2023\/03\/Geburt-035-1080x546.jpg 1080w\" sizes=\"(max-width: 242px) 100vw, 242px\" \/><\/a><figcaption>Die Geburt eines unserer Catria-Pferde<\/figcaption><\/figure>\n<\/div>\n<\/div>\n<\/div>\n<\/div>\n","protected":false},"excerpt":{"rendered":"<p>Kleiner Wolf e.v. Im September 2022 ist ein gro\u00dfer Wunsch in Erf\u00fcllung gegangen.Meine Arbeit, die zum Ziel hat Menschen Unterricht zu erm\u00f6glichen, der ihnen lehrt wie in der Natur kommuniziert wird, in der gelehrt wird wie Natur und soziales Leben ist geht in die Arbeit einer Gemeinschaft \u00fcber.Der gemeinn\u00fctzige Verein &#8222;kleiner Wolf e.V.&#8220; ist gegr\u00fcndet [&hellip;]<\/p>\n","protected":false},"author":2,"featured_media":4574,"parent":0,"menu_order":0,"comment_status":"closed","ping_status":"closed","template":"","meta":{"_et_pb_use_builder":"","_et_pb_old_content":"","_et_gb_content_width":"","footnotes":""},"class_list":["post-4567","page","type-page","status-publish","has-post-thumbnail","hentry"],"_links":{"self":[{"href":"https:\/\/www.hubert-asam.de\/index.php?rest_route=\/wp\/v2\/pages\/4567","targetHints":{"allow":["GET"]}}],"collection":[{"href":"https:\/\/www.hubert-asam.de\/index.php?rest_route=\/wp\/v2\/pages"}],"about":[{"href":"https:\/\/www.hubert-asam.de\/index.php?rest_route=\/wp\/v2\/types\/page"}],"author":[{"embeddable":true,"href":"https:\/\/www.hubert-asam.de\/index.php?rest_route=\/wp\/v2\/users\/2"}],"replies":[{"embeddable":true,"href":"https:\/\/www.hubert-asam.de\/index.php?rest_route=%2Fwp%2Fv2%2Fcomments&post=4567"}],"version-history":[{"count":8,"href":"https:\/\/www.hubert-asam.de\/index.php?rest_route=\/wp\/v2\/pages\/4567\/revisions"}],"predecessor-version":[{"id":4610,"href":"https:\/\/www.hubert-asam.de\/index.php?rest_route=\/wp\/v2\/pages\/4567\/revisions\/4610"}],"wp:featuredmedia":[{"embeddable":true,"href":"https:\/\/www.hubert-asam.de\/index.php?rest_route=\/wp\/v2\/media\/4574"}],"wp:attachment":[{"href":"https:\/\/www.hubert-asam.de\/index.php?rest_route=%2Fwp%2Fv2%2Fmedia&parent=4567"}],"curies":[{"name":"wp","href":"https:\/\/api.w.org\/{rel}","templated":true}]}}