{"id":4156,"date":"2020-09-08T15:15:27","date_gmt":"2020-09-08T13:15:27","guid":{"rendered":"http:\/\/www.hubert-asam.de\/?page_id=4156"},"modified":"2021-06-03T14:27:26","modified_gmt":"2021-06-03T12:27:26","slug":"consulting-firmenberatung-beratung-von-start-ups","status":"publish","type":"page","link":"https:\/\/www.hubert-asam.de\/?page_id=4156","title":{"rendered":"Consulting, Firmenberatung, Beratung von Start Ups"},"content":{"rendered":"<h4><a href=\"http:\/\/www.hubert-asam.de\/WP\/wp-content\/uploads\/2017\/02\/logo100sw.jpg\"><img loading=\"lazy\" decoding=\"async\" class=\"alignnone size-full wp-image-2921\" src=\"http:\/\/www.hubert-asam.de\/WP\/wp-content\/uploads\/2017\/02\/logo100sw.jpg\" alt=\"logo100sw\" width=\"100\" height=\"58\" \/><\/a><br \/>\nConsulting<br \/>\nBeratung bei Firmengr\u00fcndungen<br \/>\n\u00dcberpr\u00fcfung von F\u00fchrungs- und Verantwortungsstr\u00e4ngen in Unternehmen<\/h4>\n<p>Exklusivbuchungen sind jederzeit m\u00f6glich.<br \/>\nConsulting kann in Seminar- und Vortragsform als Fortbildung f\u00fcr Ihre Personalverantwortlichen erfolgen, oder wir kommen in Ihr Unternehmen, f\u00fchren Interviews, w\u00e4hlen eine Strategie zur Strukturierung nach archaischen Prinzipien und bilden in Theorie und Praxis aus.<\/p>\n<p>Teil der Ausbildungen wird der praktische Umgang mit Verantwortung in \u00f6kologischen Systemen und archaischen Sozialstrukturen sein.<\/p>\n<p>Wir schulen Sie und Ihr Personal in Theorie und an Herden, Sie k\u00f6nnen Kommunikation jenseits abstrakter digitaler Formen erlernen und damit Ihre Firma auf neue, sichere Beine stellen.<\/p>\n<p>Kostenpunkt sind 7000.- EUR netto plus Spesen und zus\u00e4tzliches Personal nach Rechnung.<br \/>\nVortr\u00e4ge und Workshops, 3800.- EUR netto\/Tag<\/p>\n","protected":false},"excerpt":{"rendered":"<p>Consulting Beratung bei Firmengr\u00fcndungen \u00dcberpr\u00fcfung von F\u00fchrungs- und Verantwortungsstr\u00e4ngen in Unternehmen Exklusivbuchungen sind jederzeit m\u00f6glich. Consulting kann in Seminar- und Vortragsform als Fortbildung f\u00fcr Ihre Personalverantwortlichen erfolgen, oder wir kommen in Ihr Unternehmen, f\u00fchren Interviews, w\u00e4hlen eine Strategie zur Strukturierung nach archaischen Prinzipien und bilden in Theorie und Praxis aus. Teil der Ausbildungen wird der [&hellip;]<\/p>\n","protected":false},"author":2,"featured_media":0,"parent":0,"menu_order":0,"comment_status":"closed","ping_status":"closed","template":"","meta":{"_et_pb_use_builder":"","_et_pb_old_content":"","_et_gb_content_width":"","footnotes":""},"class_list":["post-4156","page","type-page","status-publish","hentry"],"_links":{"self":[{"href":"https:\/\/www.hubert-asam.de\/index.php?rest_route=\/wp\/v2\/pages\/4156","targetHints":{"allow":["GET"]}}],"collection":[{"href":"https:\/\/www.hubert-asam.de\/index.php?rest_route=\/wp\/v2\/pages"}],"about":[{"href":"https:\/\/www.hubert-asam.de\/index.php?rest_route=\/wp\/v2\/types\/page"}],"author":[{"embeddable":true,"href":"https:\/\/www.hubert-asam.de\/index.php?rest_route=\/wp\/v2\/users\/2"}],"replies":[{"embeddable":true,"href":"https:\/\/www.hubert-asam.de\/index.php?rest_route=%2Fwp%2Fv2%2Fcomments&post=4156"}],"version-history":[{"count":5,"href":"https:\/\/www.hubert-asam.de\/index.php?rest_route=\/wp\/v2\/pages\/4156\/revisions"}],"predecessor-version":[{"id":4233,"href":"https:\/\/www.hubert-asam.de\/index.php?rest_route=\/wp\/v2\/pages\/4156\/revisions\/4233"}],"wp:attachment":[{"href":"https:\/\/www.hubert-asam.de\/index.php?rest_route=%2Fwp%2Fv2%2Fmedia&parent=4156"}],"curies":[{"name":"wp","href":"https:\/\/api.w.org\/{rel}","templated":true}]}}