{"id":3799,"date":"2019-01-08T09:59:17","date_gmt":"2019-01-08T08:59:17","guid":{"rendered":"http:\/\/www.hubert-asam.de\/?page_id=3799"},"modified":"2023-03-03T13:31:00","modified_gmt":"2023-03-03T12:31:00","slug":"netzwerk","status":"publish","type":"page","link":"https:\/\/www.hubert-asam.de\/?page_id=3799","title":{"rendered":"Netzwerk"},"content":{"rendered":"<p>[et_pb_section][et_pb_row][et_pb_column type=&#8220;3_4&#8243;][et_pb_text admin_label=&#8220;Text&#8220; background_layout=&#8220;light&#8220; text_orientation=&#8220;left&#8220; use_border_color=&#8220;off&#8220; border_color=&#8220;#ffffff&#8220; border_style=&#8220;solid&#8220;]<\/p>\n<h3><a href=\"http:\/\/www.hubert-asam.de\/\"> <img decoding=\"async\" id=\"logo\" src=\"http:\/\/www.hubert-asam.de\/WP\/wp-content\/uploads\/2015\/07\/logo100sw.jpg\" alt=\"Kleiner Wolf\" \/> <\/a><br \/>\nNETZWERK KLEINER WOLF<\/h3>\n<p><a href=\"http:\/\/www.hubert-asam.de\/\"> <img decoding=\"async\" id=\"logo\" src=\"http:\/\/www.hubert-asam.de\/WP\/wp-content\/uploads\/2015\/07\/logo100sw.jpg\" alt=\"Kleiner Wolf\" \/> <\/a><br \/>\nWer Ethop\u00e4dagogik erleben will, wer fachlichen Rat braucht, kann sich an Orga@kleiner-wolf.de wenden und dort erfahren k\u00f6nnen, wo kleine W\u00f6lfe t\u00e4tig sind.<\/p>\n<h4><img loading=\"lazy\" decoding=\"async\" class=\"alignnone wp-image-1677 size-full\" src=\"http:\/\/www.hubert-asam.de\/WP\/wp-content\/uploads\/2015\/07\/pdf1.gif\" alt=\"pdf\" width=\"30\" height=\"28\" \/> <a href=\"http:\/\/www.hubert-asam.de\/WP\/wp-content\/uploads\/2023\/03\/Mitgliedsantrag-Kleiner-Wolf-e.V.pdf\">Mitgliedsantrag Kleiner Wolf e.V<\/a><\/h4>\n<p><a href=\"http:\/\/www.hubert-asam.de\/WP\/wp-content\/uploads\/2018\/12\/MG_0605.jpg\"><img loading=\"lazy\" decoding=\"async\" class=\"alignnone size-medium wp-image-3760\" src=\"http:\/\/www.hubert-asam.de\/WP\/wp-content\/uploads\/2018\/12\/MG_0605-300x200.jpg\" alt=\"_MG_0605\" width=\"300\" height=\"200\" srcset=\"https:\/\/www.hubert-asam.de\/WP\/wp-content\/uploads\/2018\/12\/MG_0605-300x200.jpg 300w, https:\/\/www.hubert-asam.de\/WP\/wp-content\/uploads\/2018\/12\/MG_0605-768x512.jpg 768w, https:\/\/www.hubert-asam.de\/WP\/wp-content\/uploads\/2018\/12\/MG_0605-1024x683.jpg 1024w, https:\/\/www.hubert-asam.de\/WP\/wp-content\/uploads\/2018\/12\/MG_0605-1080x720.jpg 1080w\" sizes=\"(max-width: 300px) 100vw, 300px\" \/><\/a><\/p>\n<p><a href=\"http:\/\/www.hubert-asam.de\/\"> <img decoding=\"async\" id=\"logo\" src=\"http:\/\/www.hubert-asam.de\/WP\/wp-content\/uploads\/2015\/07\/logo100sw.jpg\" alt=\"Kleiner Wolf\" \/> <\/a><a href=\"http:\/\/www.hubert-asam.de\/WP\/wp-content\/uploads\/2018\/12\/MG_0605.jpg\"><br \/>\n<\/a>Die Webseite des Kleiner Wolf e.V. ist : <a href=\"https:\/\/www.kleiner-wolf.org\">https:\/\/www.kleiner-wolf.org<\/a>. An allen Standorten \u00f6nnen Seminare veranstaltet werden.<br \/>\nEs ist also auch m\u00f6glich mit mir zu arbeiten, auch wenn der &#8222;kleine Wolf&#8220; vor Ort noch in Ausbildung ist.<\/p>\n<p>\u00dcber allen Gesetzen, die die Menschen f\u00fcr sich erfunden haben, liegen die Regeln der Natur, diese zu erfahren, zu erleben und in der Erziehung und Integration eines Tieres einzusetzen, ist die Aufgabe der wir uns verschrieben haben.<\/p>\n<p><a href=\"http:\/\/www.hubert-asam.de\/\"> <img decoding=\"async\" id=\"logo\" src=\"http:\/\/www.hubert-asam.de\/WP\/wp-content\/uploads\/2015\/07\/logo100sw.jpg\" alt=\"Kleiner Wolf\" \/> <\/a><\/p>\n<p><a href=\"https:\/\/www.kleiner-wolf.org\">https:\/\/www.kleiner-wolf.org<\/a><\/p>\n<p>Selbstverst\u00e4ndlich ist es so, dass an den regelm\u00e4\u00dfigen Seminarorten auch kleine W\u00f6lfe arbeiten, die die Umsetzung im Alltag anleiten k\u00f6nnen und kompetent Rat und Tat erteilen k\u00f6nnen.<\/p>\n<p style=\"text-align: center;\"><iframe loading=\"lazy\" src=\"https:\/\/www.google.com\/maps\/d\/embed?mid=1BbLqfsXZtJh-7TUKzf6PTz51q5zrGUiq\" width=\"720\" height=\"480\"><\/iframe><\/p>\n<p>[\/et_pb_text][\/et_pb_column][et_pb_column type=&#8220;1_4&#8243;][et_pb_image admin_label=&#8220;Bild&#8220; src=&#8220;http:\/\/www.hubert-asam.de\/WP\/wp-content\/uploads\/2019\/01\/R7J0334.jpg&#8220; show_in_lightbox=&#8220;off&#8220; url_new_window=&#8220;off&#8220; animation=&#8220;left&#8220; sticky=&#8220;off&#8220; align=&#8220;left&#8220; force_fullwidth=&#8220;off&#8220; always_center_on_mobile=&#8220;on&#8220; use_border_color=&#8220;off&#8220; border_color=&#8220;#ffffff&#8220; border_style=&#8220;solid&#8220; \/][et_pb_gallery admin_label=&#8220;Galerie&#8220; gallery_ids=&#8220;3760,3800,3724,3768,3722,3725,3721,3720,3674,3625,3615,3411&#8243; fullwidth=&#8220;on&#8220; show_title_and_caption=&#8220;off&#8220; show_pagination=&#8220;off&#8220; background_layout=&#8220;light&#8220; auto=&#8220;off&#8220; hover_overlay_color=&#8220;rgba(255,255,255,0.9)&#8220; caption_all_caps=&#8220;off&#8220; use_border_color=&#8220;off&#8220; border_color=&#8220;#ffffff&#8220; border_style=&#8220;solid&#8220; \/][\/et_pb_column][\/et_pb_row][\/et_pb_section]<\/p>\n","protected":false},"excerpt":{"rendered":"<p><div class=\"et_pb_section et_pb_section_0 et_section_regular\" >\n\t\t\t\t\n\t\t\t\t\n\t\t\t\t\n\t\t\t\t\n\t\t\t\t\n\t\t\t\t\n\t\t\t\t\n\t\t\t\t\n\t\t\t\t\n\t\t\t<\/div><div class=\"et_pb_row et_pb_row_0 et_pb_row_empty\">\n\t\t\t\t\n\t\t\t\t\n\t\t\t\t\n\t\t\t\t\n\t\t\t\t\n\t\t\t<\/div> NETZWERK KLEINER WOLF Wer Ethop\u00e4dagogik erleben will, wer fachlichen Rat braucht, kann sich an Orga@kleiner-wolf.de wenden und dort erfahren k\u00f6nnen, wo kleine W\u00f6lfe t\u00e4tig sind. Mitgliedsantrag Kleiner Wolf e.V Die Webseite des Kleiner Wolf e.V. ist : https:\/\/www.kleiner-wolf.org. An allen Standorten \u00f6nnen Seminare veranstaltet werden. Es ist also auch m\u00f6glich mit mir zu arbeiten, [&hellip;]<\/p>\n","protected":false},"author":2,"featured_media":0,"parent":0,"menu_order":0,"comment_status":"closed","ping_status":"closed","template":"","meta":{"_et_pb_use_builder":"on","_et_pb_old_content":"","_et_gb_content_width":"","footnotes":""},"class_list":["post-3799","page","type-page","status-publish","hentry"],"_links":{"self":[{"href":"https:\/\/www.hubert-asam.de\/index.php?rest_route=\/wp\/v2\/pages\/3799","targetHints":{"allow":["GET"]}}],"collection":[{"href":"https:\/\/www.hubert-asam.de\/index.php?rest_route=\/wp\/v2\/pages"}],"about":[{"href":"https:\/\/www.hubert-asam.de\/index.php?rest_route=\/wp\/v2\/types\/page"}],"author":[{"embeddable":true,"href":"https:\/\/www.hubert-asam.de\/index.php?rest_route=\/wp\/v2\/users\/2"}],"replies":[{"embeddable":true,"href":"https:\/\/www.hubert-asam.de\/index.php?rest_route=%2Fwp%2Fv2%2Fcomments&post=3799"}],"version-history":[{"count":9,"href":"https:\/\/www.hubert-asam.de\/index.php?rest_route=\/wp\/v2\/pages\/3799\/revisions"}],"predecessor-version":[{"id":4612,"href":"https:\/\/www.hubert-asam.de\/index.php?rest_route=\/wp\/v2\/pages\/3799\/revisions\/4612"}],"wp:attachment":[{"href":"https:\/\/www.hubert-asam.de\/index.php?rest_route=%2Fwp%2Fv2%2Fmedia&parent=3799"}],"curies":[{"name":"wp","href":"https:\/\/api.w.org\/{rel}","templated":true}]}}