{"id":3427,"date":"2018-02-14T22:59:44","date_gmt":"2018-02-14T21:59:44","guid":{"rendered":"http:\/\/www.hubert-asam.de\/?page_id=3427"},"modified":"2020-09-04T10:21:53","modified_gmt":"2020-09-04T08:21:53","slug":"schulprojekt-vs","status":"publish","type":"page","link":"https:\/\/www.hubert-asam.de\/?page_id=3427","title":{"rendered":"Schulprojekte"},"content":{"rendered":"<div class=\"entry-content\">\n<h3><a href=\"http:\/\/www.hubert-asam.de\/WP\/wp-content\/uploads\/2017\/02\/logo100sw.jpg\"><img loading=\"lazy\" decoding=\"async\" class=\"alignnone size-full wp-image-2921\" src=\"http:\/\/www.hubert-asam.de\/WP\/wp-content\/uploads\/2017\/02\/logo100sw.jpg\" alt=\"logo100sw\" width=\"100\" height=\"58\" \/><\/a><br \/>\nSCHULPROJEKTE<\/h3>\n<p><a href=\"http:\/\/www.hubert-asam.de\/WP\/wp-content\/uploads\/2018\/02\/pganuccio-6-pferde.jpg\"><img loading=\"lazy\" decoding=\"async\" class=\"alignnone size-medium wp-image-3417\" src=\"http:\/\/www.hubert-asam.de\/WP\/wp-content\/uploads\/2018\/02\/pganuccio-6-pferde-300x217.jpg\" alt=\"pganuccio 6 pferde\" width=\"300\" height=\"217\" srcset=\"https:\/\/www.hubert-asam.de\/WP\/wp-content\/uploads\/2018\/02\/pganuccio-6-pferde-300x217.jpg 300w, https:\/\/www.hubert-asam.de\/WP\/wp-content\/uploads\/2018\/02\/pganuccio-6-pferde-768x554.jpg 768w, https:\/\/www.hubert-asam.de\/WP\/wp-content\/uploads\/2018\/02\/pganuccio-6-pferde-1024x739.jpg 1024w, https:\/\/www.hubert-asam.de\/WP\/wp-content\/uploads\/2018\/02\/pganuccio-6-pferde-1080x779.jpg 1080w, https:\/\/www.hubert-asam.de\/WP\/wp-content\/uploads\/2018\/02\/pganuccio-6-pferde.jpg 1283w\" sizes=\"(max-width: 300px) 100vw, 300px\" \/><\/a><\/p>\n<p>Was ist Natur?<br \/>\nWas ist der Mensch?<br \/>\nDie Natur hat dem Menschen und dem Tier die gleichen Regeln mitgegeben.<\/p>\n<p><a href=\"http:\/\/www.hubert-asam.de\/WP\/wp-content\/uploads\/2018\/02\/438720294_5504672603099589598.jpg\"><img loading=\"lazy\" decoding=\"async\" class=\"alignnone size-medium wp-image-3254\" src=\"http:\/\/www.hubert-asam.de\/WP\/wp-content\/uploads\/2018\/02\/438720294_5504672603099589598-300x225.jpg\" sizes=\"(max-width: 300px) 100vw, 300px\" srcset=\"http:\/\/www.hubert-asam.de\/WP\/wp-content\/uploads\/2018\/02\/438720294_5504672603099589598-300x225.jpg 300w, http:\/\/www.hubert-asam.de\/WP\/wp-content\/uploads\/2018\/02\/438720294_5504672603099589598-768x576.jpg 768w, http:\/\/www.hubert-asam.de\/WP\/wp-content\/uploads\/2018\/02\/438720294_5504672603099589598-1024x768.jpg 1024w, http:\/\/www.hubert-asam.de\/WP\/wp-content\/uploads\/2018\/02\/438720294_5504672603099589598-1080x810.jpg 1080w, http:\/\/www.hubert-asam.de\/WP\/wp-content\/uploads\/2018\/02\/438720294_5504672603099589598.jpg 1280w\" alt=\"438720294_5504672603099589598\" width=\"300\" height=\"225\" \/><\/a><br \/>\nEin Hund, ein Mensch und ein Pferd leben nach den gleichen Naturgesetzen.<br \/>\nSich zu entwickeln und erwachsen zu werden, obliegt bei allen den gleichen Abl\u00e4ufen.<br \/>\nEin Hund und ein Kind, ein Hengst und ein Mann haben also die gleiche psychosoziale Entwicklung hinter und vor sich.<br \/>\n<a href=\"http:\/\/www.hubert-asam.de\/WP\/wp-content\/uploads\/2018\/02\/445512638_6805693134705222334.jpg\"><img loading=\"lazy\" decoding=\"async\" class=\"alignnone size-medium wp-image-3256\" src=\"http:\/\/www.hubert-asam.de\/WP\/wp-content\/uploads\/2018\/02\/445512638_6805693134705222334-300x225.jpg\" sizes=\"(max-width: 300px) 100vw, 300px\" srcset=\"http:\/\/www.hubert-asam.de\/WP\/wp-content\/uploads\/2018\/02\/445512638_6805693134705222334-300x225.jpg 300w, http:\/\/www.hubert-asam.de\/WP\/wp-content\/uploads\/2018\/02\/445512638_6805693134705222334-768x576.jpg 768w, http:\/\/www.hubert-asam.de\/WP\/wp-content\/uploads\/2018\/02\/445512638_6805693134705222334-1024x768.jpg 1024w, http:\/\/www.hubert-asam.de\/WP\/wp-content\/uploads\/2018\/02\/445512638_6805693134705222334-1080x810.jpg 1080w, http:\/\/www.hubert-asam.de\/WP\/wp-content\/uploads\/2018\/02\/445512638_6805693134705222334.jpg 1280w\" alt=\"445512638_6805693134705222334\" width=\"300\" height=\"225\" \/><\/a><br \/>\nWie geht ein Hund mit einem Pferd oder ein Mensch mit einem Hund um, wenn es nach nat\u00fcrlichen, ungest\u00f6rten Abl\u00e4ufen geht?<\/p>\n<p>Welche Rechte hat dann das Tier, gegen\u00fcber dem Menschen?<br \/>\nWie tief ist der Kontakt von Seiten des Tieres m\u00f6glich, wenn der Mensch seinen genetischen Verhaltenskodex respektiert?<br \/>\nWie f\u00fchlt ein Tier und wie f\u00fchlt es sich selbst in der Verantwortung, der Natur, seinen Artgenossen und seiner Familie gegen\u00fcber?<\/p>\n<p>Wenn wir uns so sehr gleichen,<br \/>\nwie geht man mit Haustieren um ?<\/p>\n<p>Wie respektiert man Tiere?<\/p>\n<p><a href=\"http:\/\/www.hubert-asam.de\/WP\/wp-content\/uploads\/2018\/02\/IMG_0357.jpg\"><img loading=\"lazy\" decoding=\"async\" class=\"alignnone size-medium wp-image-3258\" src=\"http:\/\/www.hubert-asam.de\/WP\/wp-content\/uploads\/2018\/02\/IMG_0357-300x225.jpg\" sizes=\"(max-width: 300px) 100vw, 300px\" srcset=\"http:\/\/www.hubert-asam.de\/WP\/wp-content\/uploads\/2018\/02\/IMG_0357-300x225.jpg 300w, http:\/\/www.hubert-asam.de\/WP\/wp-content\/uploads\/2018\/02\/IMG_0357-768x576.jpg 768w, http:\/\/www.hubert-asam.de\/WP\/wp-content\/uploads\/2018\/02\/IMG_0357-1024x768.jpg 1024w, http:\/\/www.hubert-asam.de\/WP\/wp-content\/uploads\/2018\/02\/IMG_0357-1080x810.jpg 1080w\" alt=\"IMG_0357\" width=\"300\" height=\"225\" \/><\/a><\/p>\n<p>&nbsp;<\/p>\n<p><a href=\"http:\/\/www.hubert-asam.de\/WP\/wp-content\/uploads\/2018\/02\/IMG_0423.jpg\"><img loading=\"lazy\" decoding=\"async\" class=\"alignnone size-medium wp-image-3259\" src=\"http:\/\/www.hubert-asam.de\/WP\/wp-content\/uploads\/2018\/02\/IMG_0423-300x225.jpg\" sizes=\"(max-width: 300px) 100vw, 300px\" srcset=\"http:\/\/www.hubert-asam.de\/WP\/wp-content\/uploads\/2018\/02\/IMG_0423-300x225.jpg 300w, http:\/\/www.hubert-asam.de\/WP\/wp-content\/uploads\/2018\/02\/IMG_0423-768x576.jpg 768w, http:\/\/www.hubert-asam.de\/WP\/wp-content\/uploads\/2018\/02\/IMG_0423-1024x768.jpg 1024w, http:\/\/www.hubert-asam.de\/WP\/wp-content\/uploads\/2018\/02\/IMG_0423-1080x810.jpg 1080w\" alt=\"IMG_0423\" width=\"300\" height=\"225\" \/><\/a><\/p>\n<p>Soziale Tiere sind, da sie ihre eigene Natur nicht ablehnen m\u00fc\u00dfen, die Lehrer des Menschen,<br \/>\nwenn dieser sie als solche anerkennt.<br \/>\nDenn\u00a0 Tiere haben eine Seele und sie haben die Antwort auf unsere Fragen von der Natur mitgegeben. Ihr Wissenspool ist Genetik und soziale Kompetenz. Kultur und Moral sind damit nicht notwendig, durch das Fehlen von Sprache ist das Tier in der Lage ohne Selbstzweifel oder Angst in soziale Kontakte zu gehen.<br \/>\nWie sieht dieses genetische Wissen aus? Was hei\u00dft soziale Kompetenz in diesem Zusammenhang?<\/p>\n<p><a href=\"http:\/\/www.hubert-asam.de\/WP\/wp-content\/uploads\/2018\/02\/435814926_13412337175298016899.jpg\"><img loading=\"lazy\" decoding=\"async\" class=\"alignnone size-medium wp-image-3275\" src=\"http:\/\/www.hubert-asam.de\/WP\/wp-content\/uploads\/2018\/02\/435814926_13412337175298016899-300x225.jpg\" sizes=\"(max-width: 300px) 100vw, 300px\" srcset=\"http:\/\/www.hubert-asam.de\/WP\/wp-content\/uploads\/2018\/02\/435814926_13412337175298016899-300x225.jpg 300w, http:\/\/www.hubert-asam.de\/WP\/wp-content\/uploads\/2018\/02\/435814926_13412337175298016899-768x576.jpg 768w, http:\/\/www.hubert-asam.de\/WP\/wp-content\/uploads\/2018\/02\/435814926_13412337175298016899-1024x768.jpg 1024w, http:\/\/www.hubert-asam.de\/WP\/wp-content\/uploads\/2018\/02\/435814926_13412337175298016899-1080x810.jpg 1080w, http:\/\/www.hubert-asam.de\/WP\/wp-content\/uploads\/2018\/02\/435814926_13412337175298016899.jpg 1280w\" alt=\"435814926_13412337175298016899\" width=\"300\" height=\"225\" \/><\/a><\/p>\n<p>Der P\u00e4dagoge Hubert Asam hat deshalb die \u201eETHOP\u00c4DAGOGIK\u201c geschaffen.<br \/>\nDer Mensch lernt vom Tier, was und wer er selbst ist und im gleichen Zug \u00f6ffnet er dem Tier den Zugang zu sich selbst. Es entsteht ein respektvolles und nat\u00fcrliches Miteinander in dem der Mensch die volle Verantwortung f\u00fcr sein Handeln und das Handeln des Tieres tr\u00e4gt.<br \/>\nDas Tier wird respektiert, Haltungsfehler damit Geschichte.<\/p>\n<p><a href=\"http:\/\/www.hubert-asam.de\/WP\/wp-content\/uploads\/2018\/02\/235920241_6318893384800812111.jpg\"><img loading=\"lazy\" decoding=\"async\" class=\"alignnone size-medium wp-image-3273\" src=\"http:\/\/www.hubert-asam.de\/WP\/wp-content\/uploads\/2018\/02\/235920241_6318893384800812111-300x169.jpg\" sizes=\"(max-width: 300px) 100vw, 300px\" srcset=\"http:\/\/www.hubert-asam.de\/WP\/wp-content\/uploads\/2018\/02\/235920241_6318893384800812111-300x169.jpg 300w, http:\/\/www.hubert-asam.de\/WP\/wp-content\/uploads\/2018\/02\/235920241_6318893384800812111-768x432.jpg 768w, http:\/\/www.hubert-asam.de\/WP\/wp-content\/uploads\/2018\/02\/235920241_6318893384800812111-1024x576.jpg 1024w, http:\/\/www.hubert-asam.de\/WP\/wp-content\/uploads\/2018\/02\/235920241_6318893384800812111-1080x608.jpg 1080w, http:\/\/www.hubert-asam.de\/WP\/wp-content\/uploads\/2018\/02\/235920241_6318893384800812111.jpg 1280w\" alt=\"235920241_6318893384800812111\" width=\"300\" height=\"169\" \/><br \/>\n<\/a><br \/>\nTypische Symptome wie etwa \u201eunfolgsame\u201c Hunde sind in einem nat\u00fcrlichen Verh\u00e4ltnis undenkbar. Nat\u00fcrliche Verh\u00e4ltnisse entstehen dann wenn der erwachsene Mensch erwachsen handelt.<br \/>\nUnterricht wird in Theorie und Praxis erfolgen.<\/p>\n<p><a href=\"http:\/\/www.hubert-asam.de\/WP\/wp-content\/uploads\/2018\/02\/IMG_0427.jpg\"><img loading=\"lazy\" decoding=\"async\" class=\"alignnone size-medium wp-image-3260\" src=\"http:\/\/www.hubert-asam.de\/WP\/wp-content\/uploads\/2018\/02\/IMG_0427-300x225.jpg\" sizes=\"(max-width: 300px) 100vw, 300px\" srcset=\"http:\/\/www.hubert-asam.de\/WP\/wp-content\/uploads\/2018\/02\/IMG_0427-300x225.jpg 300w, http:\/\/www.hubert-asam.de\/WP\/wp-content\/uploads\/2018\/02\/IMG_0427-768x576.jpg 768w, http:\/\/www.hubert-asam.de\/WP\/wp-content\/uploads\/2018\/02\/IMG_0427-1024x768.jpg 1024w, http:\/\/www.hubert-asam.de\/WP\/wp-content\/uploads\/2018\/02\/IMG_0427-1080x810.jpg 1080w\" alt=\"IMG_0427\" width=\"300\" height=\"225\" \/><\/a><br \/>\n<a href=\"http:\/\/www.hubert-asam.de\/WP\/wp-content\/uploads\/2018\/02\/IMG_0431.jpg\"><img loading=\"lazy\" decoding=\"async\" class=\"alignnone size-medium wp-image-3263\" src=\"http:\/\/www.hubert-asam.de\/WP\/wp-content\/uploads\/2018\/02\/IMG_0431-300x225.jpg\" sizes=\"(max-width: 300px) 100vw, 300px\" srcset=\"http:\/\/www.hubert-asam.de\/WP\/wp-content\/uploads\/2018\/02\/IMG_0431-300x225.jpg 300w, http:\/\/www.hubert-asam.de\/WP\/wp-content\/uploads\/2018\/02\/IMG_0431-768x576.jpg 768w, http:\/\/www.hubert-asam.de\/WP\/wp-content\/uploads\/2018\/02\/IMG_0431-1024x768.jpg 1024w, http:\/\/www.hubert-asam.de\/WP\/wp-content\/uploads\/2018\/02\/IMG_0431-1080x810.jpg 1080w\" alt=\"IMG_0431\" width=\"300\" height=\"225\" \/><\/a><\/p>\n<\/div>\n","protected":false},"excerpt":{"rendered":"<p>SCHULPROJEKTE Was ist Natur? Was ist der Mensch? Die Natur hat dem Menschen und dem Tier die gleichen Regeln mitgegeben. Ein Hund, ein Mensch und ein Pferd leben nach den gleichen Naturgesetzen. Sich zu entwickeln und erwachsen zu werden, obliegt bei allen den gleichen Abl\u00e4ufen. Ein Hund und ein Kind, ein Hengst und ein Mann [&hellip;]<\/p>\n","protected":false},"author":2,"featured_media":3200,"parent":0,"menu_order":0,"comment_status":"closed","ping_status":"closed","template":"","meta":{"_et_pb_use_builder":"","_et_pb_old_content":"","_et_gb_content_width":"","footnotes":""},"class_list":["post-3427","page","type-page","status-publish","has-post-thumbnail","hentry"],"_links":{"self":[{"href":"https:\/\/www.hubert-asam.de\/index.php?rest_route=\/wp\/v2\/pages\/3427","targetHints":{"allow":["GET"]}}],"collection":[{"href":"https:\/\/www.hubert-asam.de\/index.php?rest_route=\/wp\/v2\/pages"}],"about":[{"href":"https:\/\/www.hubert-asam.de\/index.php?rest_route=\/wp\/v2\/types\/page"}],"author":[{"embeddable":true,"href":"https:\/\/www.hubert-asam.de\/index.php?rest_route=\/wp\/v2\/users\/2"}],"replies":[{"embeddable":true,"href":"https:\/\/www.hubert-asam.de\/index.php?rest_route=%2Fwp%2Fv2%2Fcomments&post=3427"}],"version-history":[{"count":3,"href":"https:\/\/www.hubert-asam.de\/index.php?rest_route=\/wp\/v2\/pages\/3427\/revisions"}],"predecessor-version":[{"id":4153,"href":"https:\/\/www.hubert-asam.de\/index.php?rest_route=\/wp\/v2\/pages\/3427\/revisions\/4153"}],"wp:featuredmedia":[{"embeddable":true,"href":"https:\/\/www.hubert-asam.de\/index.php?rest_route=\/wp\/v2\/media\/3200"}],"wp:attachment":[{"href":"https:\/\/www.hubert-asam.de\/index.php?rest_route=%2Fwp%2Fv2%2Fmedia&parent=3427"}],"curies":[{"name":"wp","href":"https:\/\/api.w.org\/{rel}","templated":true}]}}