{"id":3044,"date":"2017-05-28T15:12:40","date_gmt":"2017-05-28T13:12:40","guid":{"rendered":"http:\/\/www.hubert-asam.de\/?page_id=3044"},"modified":"2017-08-29T18:35:44","modified_gmt":"2017-08-29T16:35:44","slug":"wegbeschreibung-colondello","status":"publish","type":"page","link":"https:\/\/www.hubert-asam.de\/?page_id=3044","title":{"rendered":"Wegbeschreibung Colondello"},"content":{"rendered":"<p>[et_pb_section][et_pb_row][et_pb_column type=&#8220;1_4&#8243;][et_pb_image admin_label=&#8220;Bild&#8220; src=&#8220;http:\/\/www.hubert-asam.de\/WP\/wp-content\/uploads\/2017\/03\/casamucko2000.jpg&#8220; show_in_lightbox=&#8220;off&#8220; url_new_window=&#8220;off&#8220; animation=&#8220;left&#8220; sticky=&#8220;off&#8220; align=&#8220;left&#8220; force_fullwidth=&#8220;off&#8220; always_center_on_mobile=&#8220;on&#8220; use_border_color=&#8220;off&#8220; border_color=&#8220;#ffffff&#8220; border_style=&#8220;solid&#8220; \/][\/et_pb_column][et_pb_column type=&#8220;3_4&#8243;][et_pb_text admin_label=&#8220;Text&#8220; background_layout=&#8220;light&#8220; text_orientation=&#8220;left&#8220; use_border_color=&#8220;off&#8220; border_color=&#8220;#ffffff&#8220; border_style=&#8220;solid&#8220;]<\/p>\n<p><a href=\"http:\/\/www.hubert-asam.de\/WP\/wp-content\/uploads\/2015\/07\/logo100sw.jpg\"><img loading=\"lazy\" decoding=\"async\" class=\"alignnone size-full wp-image-264\" src=\"http:\/\/www.hubert-asam.de\/WP\/wp-content\/uploads\/2015\/07\/logo100sw.jpg\" alt=\"logo100sw\" width=\"100\" height=\"58\" \/><\/a><\/p>\n<h2>Wegbeschreibung nach Colondello<br \/>\nStrada Monte Paganuccio 120<br \/>\n61043 Cagli<\/h2>\n<p>&nbsp;<\/p>\n<p><a href=\"http:\/\/www.hubert-asam.de\/WP\/wp-content\/uploads\/2015\/07\/logo100sw.jpg\"><img loading=\"lazy\" decoding=\"async\" class=\"alignnone wp-image-264\" src=\"http:\/\/www.hubert-asam.de\/WP\/wp-content\/uploads\/2015\/07\/logo100sw.jpg\" alt=\"logo100sw\" width=\"69\" height=\"41\" \/><\/a><\/p>\n<p>Solltet ihr Schwierigkeiten haben den Weg zu finden: die italienische Festnetznummer ist<br \/>\n0039 0721799396, da am Haus WLAN ist k\u00f6nnt ihr auch den Kontakt \u00fcber Email oder die Messenger telegram und Threema suchen. Das Handynetz funktioniert nicht direkt am Haus.<\/p>\n<p>Die einfachste Variante ist: Ihr fahrt nach Furlo, setzt euch in die Bar Furlo und ruft mich an. Dann wartet ihr dort bis ich euch hole.<br \/>\nWenn ihr euch verfahrt, gebt mir Bescheid und wartet einfach.<br \/>\nLasst euch von den vielen italienischen Schildern nicht verr\u00fcckt machen, es sind tats\u00e4chlich 311 ! Verkehrsschilder an der Stra\u00dfe zwischen Colondello und Acqualagna. 8 km &#8211; 311 Schilder, da wei\u00df man wo es lang geht.<\/p>\n<p><a href=\"http:\/\/www.hubert-asam.de\/WP\/wp-content\/uploads\/2015\/07\/logo100sw.jpg\"><img loading=\"lazy\" decoding=\"async\" class=\"alignnone wp-image-264\" src=\"http:\/\/www.hubert-asam.de\/WP\/wp-content\/uploads\/2015\/07\/logo100sw.jpg\" alt=\"logo100sw\" width=\"69\" height=\"41\" \/><\/a><br \/>\nIch beschreibe euch den Weg ab Bologna, denn egal ob ihr aus der Schweiz, oder \u00fcber den Brenner\/\u00d6sterreich gekommen seid, ihr landet alle auf der Autobahn A1, die euch nach Bologna f\u00fchrt.<br \/>\nZuvor werdet ihr Florenz ausgeschildert haben, dann bei Bologna fahrt ihr Richtung Ancona.<br \/>\nEs ist die A14.<br \/>\n<a href=\"http:\/\/www.hubert-asam.de\/WP\/wp-content\/uploads\/2015\/07\/logo100sw.jpg\"><img loading=\"lazy\" decoding=\"async\" class=\"alignnone wp-image-264\" src=\"http:\/\/www.hubert-asam.de\/WP\/wp-content\/uploads\/2015\/07\/logo100sw.jpg\" alt=\"logo100sw\" width=\"69\" height=\"41\" \/><\/a><br \/>\nWenn ihr Ancona ausgeschildert seht, fahrt ihr in diese Richtung.<br \/>\nIhr bleibt auf dieser Autobahn bis ihr an die K\u00fcste kommt.<br \/>\n<a href=\"http:\/\/www.hubert-asam.de\/WP\/wp-content\/uploads\/2015\/07\/logo100sw.jpg\"><img loading=\"lazy\" decoding=\"async\" class=\"alignnone wp-image-264\" src=\"http:\/\/www.hubert-asam.de\/WP\/wp-content\/uploads\/2015\/07\/logo100sw.jpg\" alt=\"logo100sw\" width=\"69\" height=\"41\" \/><\/a><br \/>\nBei Fano verlasst ihr die Autobahn und fahrt auf die Superstrada (die ist auch 2-spurig) SS73 bis.<br \/>\nEs wird Rom oder Urbino auf den Schildern stehen.<br \/>\nCa 40 km Richtung Rom fahren, die Stra\u00dfe ist gut.<\/p>\n<p><a href=\"http:\/\/www.hubert-asam.de\/WP\/wp-content\/uploads\/2015\/07\/logo100sw.jpg\"><img loading=\"lazy\" decoding=\"async\" class=\"alignnone wp-image-264\" src=\"http:\/\/www.hubert-asam.de\/WP\/wp-content\/uploads\/2015\/07\/logo100sw.jpg\" alt=\"logo100sw\" width=\"69\" height=\"41\" \/><\/a><\/p>\n<p>An der Kreuzung an der ihr zwischen Rom und Urbino w\u00e4hlen m\u00fcsst, fahrt ihr Richtung Rom.<br \/>\n<a href=\"http:\/\/www.hubert-asam.de\/WP\/wp-content\/uploads\/2017\/05\/Abfahrt-Super.jpg\"><img loading=\"lazy\" decoding=\"async\" class=\"alignnone size-medium wp-image-3054\" src=\"http:\/\/www.hubert-asam.de\/WP\/wp-content\/uploads\/2017\/05\/Abfahrt-Super-300x225.jpg\" alt=\"Abfahrt -Super\" width=\"300\" height=\"225\" srcset=\"https:\/\/www.hubert-asam.de\/WP\/wp-content\/uploads\/2017\/05\/Abfahrt-Super-300x225.jpg 300w, https:\/\/www.hubert-asam.de\/WP\/wp-content\/uploads\/2017\/05\/Abfahrt-Super-768x576.jpg 768w, https:\/\/www.hubert-asam.de\/WP\/wp-content\/uploads\/2017\/05\/Abfahrt-Super.jpg 1000w\" sizes=\"(max-width: 300px) 100vw, 300px\" \/><\/a><\/p>\n<p><a href=\"http:\/\/www.hubert-asam.de\/WP\/wp-content\/uploads\/2017\/05\/Abfahrt-SuperS.jpg\"><img loading=\"lazy\" decoding=\"async\" class=\"alignnone size-medium wp-image-3053\" src=\"http:\/\/www.hubert-asam.de\/WP\/wp-content\/uploads\/2017\/05\/Abfahrt-SuperS-300x225.jpg\" alt=\"Abfahrt SuperS\" width=\"300\" height=\"225\" srcset=\"https:\/\/www.hubert-asam.de\/WP\/wp-content\/uploads\/2017\/05\/Abfahrt-SuperS-300x225.jpg 300w, https:\/\/www.hubert-asam.de\/WP\/wp-content\/uploads\/2017\/05\/Abfahrt-SuperS-768x576.jpg 768w, https:\/\/www.hubert-asam.de\/WP\/wp-content\/uploads\/2017\/05\/Abfahrt-SuperS.jpg 1000w\" sizes=\"(max-width: 300px) 100vw, 300px\" \/><\/a><\/p>\n<p><a href=\"http:\/\/www.hubert-asam.de\/WP\/wp-content\/uploads\/2015\/07\/logo100sw.jpg\"><img loading=\"lazy\" decoding=\"async\" class=\"alignnone wp-image-264\" src=\"http:\/\/www.hubert-asam.de\/WP\/wp-content\/uploads\/2015\/07\/logo100sw.jpg\" alt=\"logo100sw\" width=\"69\" height=\"41\" \/><\/a><br \/>\nIhr bleibt auf der Stra\u00dfe bis ihr hinter Fossombrone<br \/>\n(das seht ihr rechts sehr sch\u00f6n am Hang) abbiegt in die SP3 zur Gola de Furlo.<br \/>\nEs steht CALMAZZO auf dem Schild.<br \/>\nDanach links zur Gola, b.z.w. Furlo.<\/p>\n<p><a href=\"http:\/\/www.hubert-asam.de\/WP\/wp-content\/uploads\/2017\/05\/IMG_8046.jpg\"><img loading=\"lazy\" decoding=\"async\" class=\"alignnone size-medium wp-image-3045\" src=\"http:\/\/www.hubert-asam.de\/WP\/wp-content\/uploads\/2017\/05\/IMG_8046-300x225.jpg\" alt=\"IMG_8046\" width=\"300\" height=\"225\" srcset=\"https:\/\/www.hubert-asam.de\/WP\/wp-content\/uploads\/2017\/05\/IMG_8046-300x225.jpg 300w, https:\/\/www.hubert-asam.de\/WP\/wp-content\/uploads\/2017\/05\/IMG_8046-768x576.jpg 768w, https:\/\/www.hubert-asam.de\/WP\/wp-content\/uploads\/2017\/05\/IMG_8046-1024x768.jpg 1024w, https:\/\/www.hubert-asam.de\/WP\/wp-content\/uploads\/2017\/05\/IMG_8046-1080x810.jpg 1080w\" sizes=\"(max-width: 300px) 100vw, 300px\" \/><\/a><\/p>\n<p><a href=\"http:\/\/www.hubert-asam.de\/WP\/wp-content\/uploads\/2017\/05\/Eichtung-furlo.jpg\"><img loading=\"lazy\" decoding=\"async\" class=\"alignnone size-medium wp-image-3048\" src=\"http:\/\/www.hubert-asam.de\/WP\/wp-content\/uploads\/2017\/05\/Eichtung-furlo-300x225.jpg\" alt=\"Eichtung furlo\" width=\"300\" height=\"225\" srcset=\"https:\/\/www.hubert-asam.de\/WP\/wp-content\/uploads\/2017\/05\/Eichtung-furlo-300x225.jpg 300w, https:\/\/www.hubert-asam.de\/WP\/wp-content\/uploads\/2017\/05\/Eichtung-furlo-768x576.jpg 768w, https:\/\/www.hubert-asam.de\/WP\/wp-content\/uploads\/2017\/05\/Eichtung-furlo.jpg 1000w\" sizes=\"(max-width: 300px) 100vw, 300px\" \/><br \/>\n<\/a><\/p>\n<p><a href=\"http:\/\/www.hubert-asam.de\/WP\/wp-content\/uploads\/2015\/07\/logo100sw.jpg\"><img loading=\"lazy\" decoding=\"async\" class=\"alignnone wp-image-264\" src=\"http:\/\/www.hubert-asam.de\/WP\/wp-content\/uploads\/2015\/07\/logo100sw.jpg\" alt=\"logo100sw\" width=\"69\" height=\"41\" \/><\/a><br \/>\n(Gro\u00dfe Fahrzeuge fahren besser erst bei Aqualagna ab und dort \u00fcber den Flu\u00df. Verfahren ist kaum m\u00f6glich ihr m\u00fcsst nur wieder die Strada Monta Paganuccio finden, auf den Schildern Schild steht Monte Paganuccio, Ca\u2019 Rio und noch einiges andere. Unter gro\u00df meine ich WIRKLICH gro\u00df. Wohnmobile schaffen die Br\u00fccke.<\/p>\n<p>Ihr fahrt durch die wundersch\u00f6ne Schlucht durch den fast 2000 Jahre alten Vespasiantunnel.<br \/>\nEs geht einspurig durch den Tunnel, durch eine Ampel geregelt.<\/p>\n<p><a href=\"http:\/\/www.hubert-asam.de\/WP\/wp-content\/uploads\/2017\/05\/furlo-vor-Schlucht.jpg\"><img loading=\"lazy\" decoding=\"async\" class=\"alignnone size-medium wp-image-3051\" src=\"http:\/\/www.hubert-asam.de\/WP\/wp-content\/uploads\/2017\/05\/furlo-vor-Schlucht-300x225.jpg\" alt=\"furlo vor Schlucht\" width=\"300\" height=\"225\" srcset=\"https:\/\/www.hubert-asam.de\/WP\/wp-content\/uploads\/2017\/05\/furlo-vor-Schlucht-300x225.jpg 300w, https:\/\/www.hubert-asam.de\/WP\/wp-content\/uploads\/2017\/05\/furlo-vor-Schlucht-768x576.jpg 768w, https:\/\/www.hubert-asam.de\/WP\/wp-content\/uploads\/2017\/05\/furlo-vor-Schlucht.jpg 1000w\" sizes=\"(max-width: 300px) 100vw, 300px\" \/><\/a><\/p>\n<p><a href=\"http:\/\/www.hubert-asam.de\/WP\/wp-content\/uploads\/2015\/07\/logo100sw.jpg\"><img loading=\"lazy\" decoding=\"async\" class=\"alignnone wp-image-264\" src=\"http:\/\/www.hubert-asam.de\/WP\/wp-content\/uploads\/2015\/07\/logo100sw.jpg\" alt=\"logo100sw\" width=\"69\" height=\"41\" \/><\/a><br \/>\nDanach seid ihr in Furlo und ihr fahrt dort nach dem Hotel La Ginestra links ab und auf eine kleine Br\u00fccke, ihr \u00fcberquert den Flu\u00df und seid dann schon auf der Stra\u00dfe die euch zu uns hoch f\u00fchrt, auf der Strada Monte Paganuccio.<\/p>\n<p><a href=\"http:\/\/www.hubert-asam.de\/WP\/wp-content\/uploads\/2017\/05\/furlo-linls.jpg\"><img loading=\"lazy\" decoding=\"async\" class=\"alignnone size-medium wp-image-3050\" src=\"http:\/\/www.hubert-asam.de\/WP\/wp-content\/uploads\/2017\/05\/furlo-linls-300x188.jpg\" alt=\"furlo linls\" width=\"300\" height=\"188\" srcset=\"https:\/\/www.hubert-asam.de\/WP\/wp-content\/uploads\/2017\/05\/furlo-linls-300x188.jpg 300w, https:\/\/www.hubert-asam.de\/WP\/wp-content\/uploads\/2017\/05\/furlo-linls-768x481.jpg 768w, https:\/\/www.hubert-asam.de\/WP\/wp-content\/uploads\/2017\/05\/furlo-linls-1024x641.jpg 1024w, https:\/\/www.hubert-asam.de\/WP\/wp-content\/uploads\/2017\/05\/furlo-linls-400x250.jpg 400w, https:\/\/www.hubert-asam.de\/WP\/wp-content\/uploads\/2017\/05\/furlo-linls-1080x677.jpg 1080w, https:\/\/www.hubert-asam.de\/WP\/wp-content\/uploads\/2017\/05\/furlo-linls.jpg 1970w\" sizes=\"(max-width: 300px) 100vw, 300px\" \/><\/a><\/p>\n<p><a href=\"http:\/\/www.hubert-asam.de\/WP\/wp-content\/uploads\/2017\/05\/Furlo-bruck.jpg\"><img loading=\"lazy\" decoding=\"async\" class=\"alignnone size-medium wp-image-3049\" src=\"http:\/\/www.hubert-asam.de\/WP\/wp-content\/uploads\/2017\/05\/Furlo-bruck-300x225.jpg\" alt=\"Furlo bruck\" width=\"300\" height=\"225\" srcset=\"https:\/\/www.hubert-asam.de\/WP\/wp-content\/uploads\/2017\/05\/Furlo-bruck-300x225.jpg 300w, https:\/\/www.hubert-asam.de\/WP\/wp-content\/uploads\/2017\/05\/Furlo-bruck-768x576.jpg 768w, https:\/\/www.hubert-asam.de\/WP\/wp-content\/uploads\/2017\/05\/Furlo-bruck.jpg 1000w\" sizes=\"(max-width: 300px) 100vw, 300px\" \/><\/a><\/p>\n<p>Die SP 111 hoch, es ist eine der \u201elandestypischen Stra\u00dfen\u201c, fahrt langsam.<br \/>\nEs geht EINIGE Kilometer nach oben. das Schild 8\/111, an dem ihr vorbeikommen werdet, besagt dass ihr auf Kilometer 8 nach Acqualagna seid.<\/p>\n<p><a href=\"http:\/\/www.hubert-asam.de\/WP\/wp-content\/uploads\/2017\/05\/Schlangen.jpg\"><img loading=\"lazy\" decoding=\"async\" class=\"alignnone size-medium wp-image-3056\" src=\"http:\/\/www.hubert-asam.de\/WP\/wp-content\/uploads\/2017\/05\/Schlangen-300x225.jpg\" alt=\"Schlangen\" width=\"300\" height=\"225\" srcset=\"https:\/\/www.hubert-asam.de\/WP\/wp-content\/uploads\/2017\/05\/Schlangen-300x225.jpg 300w, https:\/\/www.hubert-asam.de\/WP\/wp-content\/uploads\/2017\/05\/Schlangen-768x576.jpg 768w, https:\/\/www.hubert-asam.de\/WP\/wp-content\/uploads\/2017\/05\/Schlangen-1024x768.jpg 1024w, https:\/\/www.hubert-asam.de\/WP\/wp-content\/uploads\/2017\/05\/Schlangen-1080x810.jpg 1080w\" sizes=\"(max-width: 300px) 100vw, 300px\" \/><\/a><br \/>\nAchtung Serpentinen<\/p>\n<p><a href=\"http:\/\/www.hubert-asam.de\/WP\/wp-content\/uploads\/2015\/07\/logo100sw.jpg\"><img loading=\"lazy\" decoding=\"async\" class=\"alignnone wp-image-264\" src=\"http:\/\/www.hubert-asam.de\/WP\/wp-content\/uploads\/2015\/07\/logo100sw.jpg\" alt=\"logo100sw\" width=\"69\" height=\"41\" \/><\/a><br \/>\nEs geht \u00fcber ein paar Serpentinen hoch, auch durch ein kleines Minikaff \u201eBorgello\u201c, mit drei H\u00e4usern.<br \/>\nDas ganze dauert ca 6km ab der Br\u00fccke in Furlo.<br \/>\nIhr seht die Kilometerangaben auf kleinen wei\u00dfen Schildern ein paar hundert Meter nach 8\/111 kommt der Abzweig nach Colondello.<br \/>\n<a href=\"http:\/\/www.hubert-asam.de\/WP\/wp-content\/uploads\/2015\/07\/logo100sw.jpg\"><img loading=\"lazy\" decoding=\"async\" class=\"alignnone wp-image-264\" src=\"http:\/\/www.hubert-asam.de\/WP\/wp-content\/uploads\/2015\/07\/logo100sw.jpg\" alt=\"logo100sw\" width=\"69\" height=\"41\" \/><\/a><br \/>\nDer Abzweig liegt hinter! einem kleinen H\u00fcgelchen. Es geht auf dem H\u00fcgelchen links zum Castello, fahrt NICHT dem Schild \u201eMonte Paganuccio\u201c nach. Ihr BLEIBT auf der Teerstra\u00dfe. 100 Meter weiter seht ihr rechterhand ein kleines Schild \u201eColondello\u201c, ich werde da bald Schilder mit meinem Wolf hinmachen, im Moment ist das noch nicht so. Hinter der Kreuzung stehen 4-12 Schilder rum.<br \/>\nDavor!!!!! geht es rechts rein.<\/p>\n<p><a href=\"http:\/\/www.hubert-asam.de\/WP\/wp-content\/uploads\/2017\/05\/schilderwald-hinter-Abzweig.jpg\"><img loading=\"lazy\" decoding=\"async\" class=\"alignnone size-medium wp-image-3055\" src=\"http:\/\/www.hubert-asam.de\/WP\/wp-content\/uploads\/2017\/05\/schilderwald-hinter-Abzweig-300x225.jpg\" alt=\"schilderwald hinter Abzweig\" width=\"300\" height=\"225\" srcset=\"https:\/\/www.hubert-asam.de\/WP\/wp-content\/uploads\/2017\/05\/schilderwald-hinter-Abzweig-300x225.jpg 300w, https:\/\/www.hubert-asam.de\/WP\/wp-content\/uploads\/2017\/05\/schilderwald-hinter-Abzweig-768x576.jpg 768w, https:\/\/www.hubert-asam.de\/WP\/wp-content\/uploads\/2017\/05\/schilderwald-hinter-Abzweig.jpg 1000w\" sizes=\"(max-width: 300px) 100vw, 300px\" \/><\/a><\/p>\n<p>capisce?<\/p>\n<p><a href=\"http:\/\/www.hubert-asam.de\/WP\/wp-content\/uploads\/2017\/05\/colondello1000.jpg\"><img loading=\"lazy\" decoding=\"async\" class=\"alignnone size-medium wp-image-3047\" src=\"http:\/\/www.hubert-asam.de\/WP\/wp-content\/uploads\/2017\/05\/colondello1000-300x225.jpg\" alt=\"colondello1000\" width=\"300\" height=\"225\" srcset=\"https:\/\/www.hubert-asam.de\/WP\/wp-content\/uploads\/2017\/05\/colondello1000-300x225.jpg 300w, https:\/\/www.hubert-asam.de\/WP\/wp-content\/uploads\/2017\/05\/colondello1000-768x576.jpg 768w, https:\/\/www.hubert-asam.de\/WP\/wp-content\/uploads\/2017\/05\/colondello1000.jpg 1000w\" sizes=\"(max-width: 300px) 100vw, 300px\" \/><\/a><br \/>\nAbzweig nach Colondello<br \/>\nVon dort ca 1 km bis zu unserem Haus.<\/p>\n<p>Die Stra\u00dfe ist nicht mehr geteert ihr m\u00fcsst sie aber nicht f\u00fcrchten, sie ist meist besser als der geteerte Teil.<\/p>\n<p><a href=\"http:\/\/www.hubert-asam.de\/WP\/wp-content\/uploads\/2017\/05\/Auffahrt-links.jpg\"><img loading=\"lazy\" decoding=\"async\" class=\"alignnone size-medium wp-image-3046\" src=\"http:\/\/www.hubert-asam.de\/WP\/wp-content\/uploads\/2017\/05\/Auffahrt-links-300x225.jpg\" alt=\"Auffahrt links\" width=\"300\" height=\"225\" srcset=\"https:\/\/www.hubert-asam.de\/WP\/wp-content\/uploads\/2017\/05\/Auffahrt-links-300x225.jpg 300w, https:\/\/www.hubert-asam.de\/WP\/wp-content\/uploads\/2017\/05\/Auffahrt-links-768x576.jpg 768w, https:\/\/www.hubert-asam.de\/WP\/wp-content\/uploads\/2017\/05\/Auffahrt-links.jpg 1000w\" sizes=\"(max-width: 300px) 100vw, 300px\" \/><br \/>\n<\/a><br \/>\nDie Strada Bianca fahrt ihr einfach, bis ihr links unser Haus seht (relativ hoch), die Einfahrt ist links, ihr k\u00f6nnt unten links in den kleinen Parkplatz vor dem Schlagbaum parken.<br \/>\n<a href=\"http:\/\/www.hubert-asam.de\/WP\/wp-content\/uploads\/2015\/07\/logo100sw.jpg\"><img loading=\"lazy\" decoding=\"async\" class=\"alignnone wp-image-264\" src=\"http:\/\/www.hubert-asam.de\/WP\/wp-content\/uploads\/2015\/07\/logo100sw.jpg\" alt=\"logo100sw\" width=\"69\" height=\"41\" \/><\/a><br \/>\nDie Einfahrt ist relativ schwer zu sehen, nach links in einer kleinen Rechtskurve, ihr seht ein wei\u00df-blaues Schild dass es Privatgrund ist und Video\u00fcberwacht.<br \/>\nUnten parken und Hallo sagen, zum Auspacken k\u00f6nnt ihr dann auch hochfahren, es ist oben nur kein Platz f\u00fcr mehrere Fahrzeuge.<br \/>\n<a href=\"http:\/\/www.hubert-asam.de\/WP\/wp-content\/uploads\/2015\/07\/logo100sw.jpg\"><img loading=\"lazy\" decoding=\"async\" class=\"alignnone wp-image-264\" src=\"http:\/\/www.hubert-asam.de\/WP\/wp-content\/uploads\/2015\/07\/logo100sw.jpg\" alt=\"logo100sw\" width=\"69\" height=\"41\" \/><\/a><br \/>\nIhr k\u00f6nnt dann dem Personal Bescheid geben, der Liftboy wird euer Gep\u00e4ck holen, der Buttler Tee und Geb\u00e4ck holen, das Dienstm\u00e4dchen den Hund Gassi f\u00fchren, der Poolboy macht euch sch\u00f6ne Augen und ich werde euch euer Zimmer zeigen.<br \/>\nSo \u00e4hnlich jedenfalls.<\/p>\n<p>Benvenuti a Colondello.<\/p>\n<p>&nbsp;<\/p>\n<p>[\/et_pb_text][\/et_pb_column][\/et_pb_row][\/et_pb_section]<\/p>\n","protected":false},"excerpt":{"rendered":"<p><div class=\"et_pb_section et_pb_section_0 et_section_regular\" >\n\t\t\t\t\n\t\t\t\t\n\t\t\t\t\n\t\t\t\t\n\t\t\t\t\n\t\t\t\t\n\t\t\t\t\n\t\t\t\t\n\t\t\t\t\n\t\t\t<\/div><div class=\"et_pb_row et_pb_row_0 et_pb_row_empty\">\n\t\t\t\t\n\t\t\t\t\n\t\t\t\t\n\t\t\t\t\n\t\t\t\t\n\t\t\t<\/div> Wegbeschreibung nach Colondello Strada Monte Paganuccio 120 61043 Cagli &nbsp; Solltet ihr Schwierigkeiten haben den Weg zu finden: die italienische Festnetznummer ist 0039 0721799396, da am Haus WLAN ist k\u00f6nnt ihr auch den Kontakt \u00fcber Email oder die Messenger telegram und Threema suchen. Das Handynetz funktioniert nicht direkt am Haus. Die einfachste Variante ist: [&hellip;]<\/p>\n","protected":false},"author":2,"featured_media":0,"parent":0,"menu_order":0,"comment_status":"closed","ping_status":"closed","template":"","meta":{"_et_pb_use_builder":"on","_et_pb_old_content":"","_et_gb_content_width":"","footnotes":""},"class_list":["post-3044","page","type-page","status-publish","hentry"],"_links":{"self":[{"href":"https:\/\/www.hubert-asam.de\/index.php?rest_route=\/wp\/v2\/pages\/3044","targetHints":{"allow":["GET"]}}],"collection":[{"href":"https:\/\/www.hubert-asam.de\/index.php?rest_route=\/wp\/v2\/pages"}],"about":[{"href":"https:\/\/www.hubert-asam.de\/index.php?rest_route=\/wp\/v2\/types\/page"}],"author":[{"embeddable":true,"href":"https:\/\/www.hubert-asam.de\/index.php?rest_route=\/wp\/v2\/users\/2"}],"replies":[{"embeddable":true,"href":"https:\/\/www.hubert-asam.de\/index.php?rest_route=%2Fwp%2Fv2%2Fcomments&post=3044"}],"version-history":[{"count":4,"href":"https:\/\/www.hubert-asam.de\/index.php?rest_route=\/wp\/v2\/pages\/3044\/revisions"}],"predecessor-version":[{"id":3091,"href":"https:\/\/www.hubert-asam.de\/index.php?rest_route=\/wp\/v2\/pages\/3044\/revisions\/3091"}],"wp:attachment":[{"href":"https:\/\/www.hubert-asam.de\/index.php?rest_route=%2Fwp%2Fv2%2Fmedia&parent=3044"}],"curies":[{"name":"wp","href":"https:\/\/api.w.org\/{rel}","templated":true}]}}