{"id":1454,"date":"2015-07-09T00:33:07","date_gmt":"2015-07-08T22:33:07","guid":{"rendered":"http:\/\/www.hubert-asam.de\/?page_id=1454"},"modified":"2022-04-27T13:13:42","modified_gmt":"2022-04-27T11:13:42","slug":"praktisches","status":"publish","type":"page","link":"https:\/\/www.hubert-asam.de\/?page_id=1454","title":{"rendered":"Praktisches"},"content":{"rendered":"<p>[et_pb_section][et_pb_row][et_pb_column type=&#8220;1_2&#8243;][et_pb_image admin_label=&#8220;Bild&#8220; src=&#8220;http:\/\/www.hubert-asam.de\/WP\/wp-content\/uploads\/2015\/07\/P8240902.jpg&#8220; show_in_lightbox=&#8220;off&#8220; url_new_window=&#8220;off&#8220; animation=&#8220;left&#8220; sticky=&#8220;off&#8220; align=&#8220;left&#8220; force_fullwidth=&#8220;off&#8220; always_center_on_mobile=&#8220;on&#8220; use_border_color=&#8220;off&#8220; border_color=&#8220;#ffffff&#8220; border_style=&#8220;solid&#8220; \/][et_pb_text admin_label=&#8220;Text&#8220; background_layout=&#8220;light&#8220; text_orientation=&#8220;left&#8220; background_color=&#8220;#f2f2f2&#8243; use_border_color=&#8220;off&#8220; border_color=&#8220;#ffffff&#8220; border_style=&#8220;solid&#8220;]<\/p>\n<h3><a href=\"http:\/\/www.hubert-asam.de\/WP\/wp-content\/uploads\/2015\/07\/logo100sw.jpg\"><img loading=\"lazy\" decoding=\"async\" class=\"alignnone size-full wp-image-264\" src=\"http:\/\/www.hubert-asam.de\/WP\/wp-content\/uploads\/2015\/07\/logo100sw.jpg\" alt=\"logo100sw\" width=\"100\" height=\"58\" \/><\/a><\/h3>\n<p>Vertrauen ist Vertrauen, wenn dein Tier dir vertraut ist die Umwelt egal. Dass ich mit Ida in 100m H\u00f6he ohne Balustrade laufe, ist Ida gleichg\u00fcltig. Sie l\u00e4uft einfach Fu\u00df und vertraut darauf, dass sie gut gef\u00fchrt wird. Wir stehen zu einander. Ida wei\u00df dass sie gut gef\u00fchrt wird, denn sie hat mich getestet. Und wie! Meine G\u00fcte, hat sie mich getestet! Ida wei\u00df ganz genau, mit wem sie hier auf dem Fernsehturm l\u00e4uft. Blindes Vertrauen ist nicht n\u00f6tig. Vertrauen offenen Auges, nach klarem Beziehungsaufbau, ist etwas anderes.<\/p>\n<p>[\/et_pb_text][\/et_pb_column][et_pb_column type=&#8220;1_2&#8243;][et_pb_text admin_label=&#8220;Text&#8220; background_layout=&#8220;light&#8220; text_orientation=&#8220;left&#8220; use_border_color=&#8220;off&#8220; border_color=&#8220;#ffffff&#8220; border_style=&#8220;solid&#8220;]<\/p>\n<p><a href=\"http:\/\/www.hubert-asam.de\/WP\/wp-content\/uploads\/2015\/07\/logo100sw.jpg\"><img loading=\"lazy\" decoding=\"async\" class=\"alignnone size-full wp-image-264\" src=\"http:\/\/www.hubert-asam.de\/WP\/wp-content\/uploads\/2015\/07\/logo100sw.jpg\" alt=\"logo100sw\" width=\"100\" height=\"58\" \/><\/a><\/p>\n<h2>Praktisches<\/h2>\n<p>Sie werden sehen, mit artgerechtem Beziehungsaufbau sind die meisten kleinen Alltagsprobleme leicht erkl\u00e4rbar und l\u00f6sbar. Wer sich an die Natur, die Erziehung von Hund zu Hund, von Pferd zu Pferd h\u00e4lt, hat erstens keine Erziehungsprobleme, zweitens auch ein ges\u00fcnderes Tier. Ein Tier, dessen Sozialleben zufriedenstellend ist, ist robuster, gegen Krankheiten gefeit und insgesamt vitaler und widerstandsf\u00e4higer. Im Fall von Pferden hei\u00dft das: Gruppenhaltung und Bewegung, im Fall von Hunden: Integration auf Basis des h\u00fcndischen Verhaltenscodex.<br \/>\nEs erwartet Sie hier eine Anzahl von Artikeln, die sich mit den &#8222;kleinen&#8220; Dingen des Lebens besch\u00e4ftigen, die sich meist sehr kurz beantworten lassen; der Vergleich mit dem Original in der Natur bringt dann die echte Einsicht und f\u00fchrt zu tiefem Verst\u00e4ndnis zum Tier. Das WARUM macht also den L\u00f6wenanteil in den Artikeln aus.<\/p>\n<p>Die \u00fcblichen Grabenk\u00e4mpfe in den Erziehungsszenen, Gurugeschwafel, das Gutmenschengetue im Tierschutz, muss uns, wenn wir archaisch und artgerecht denken, nicht mehr kratzen. Wir bekommen unsere Antworten von unseren Tieren und nicht von Klugschei\u00dfern, die Halbwissen im Internet verbreiten.<br \/>\nWir k\u00f6nnen unsere L\u00f6sungen selbst erarbeiten.<br \/>\nWir bauen Vertrauen auf und \u00fcbernehmen Verantwortung f\u00fcr unsere Tiere.<\/p>\n<p>[\/et_pb_text][\/et_pb_column][\/et_pb_row][\/et_pb_section]<\/p>\n","protected":false},"excerpt":{"rendered":"<p><div class=\"et_pb_section et_pb_section_0 et_section_regular\" >\n\t\t\t\t\n\t\t\t\t\n\t\t\t\t\n\t\t\t\t\n\t\t\t\t\n\t\t\t\t\n\t\t\t\t\n\t\t\t\t\n\t\t\t\t\n\t\t\t<\/div><div class=\"et_pb_row et_pb_row_0 et_pb_row_empty\">\n\t\t\t\t\n\t\t\t\t\n\t\t\t\t\n\t\t\t\t\n\t\t\t\t\n\t\t\t<\/div> Vertrauen ist Vertrauen, wenn dein Tier dir vertraut ist die Umwelt egal. Dass ich mit Ida in 100m H\u00f6he ohne Balustrade laufe, ist Ida gleichg\u00fcltig. Sie l\u00e4uft einfach Fu\u00df und vertraut darauf, dass sie gut gef\u00fchrt wird. Wir stehen zu einander. Ida wei\u00df dass sie gut gef\u00fchrt wird, denn sie hat mich getestet. Und [&hellip;]<\/p>\n","protected":false},"author":2,"featured_media":0,"parent":0,"menu_order":0,"comment_status":"closed","ping_status":"closed","template":"","meta":{"_et_pb_use_builder":"on","_et_pb_old_content":"","_et_gb_content_width":"","footnotes":""},"class_list":["post-1454","page","type-page","status-publish","hentry"],"_links":{"self":[{"href":"https:\/\/www.hubert-asam.de\/index.php?rest_route=\/wp\/v2\/pages\/1454","targetHints":{"allow":["GET"]}}],"collection":[{"href":"https:\/\/www.hubert-asam.de\/index.php?rest_route=\/wp\/v2\/pages"}],"about":[{"href":"https:\/\/www.hubert-asam.de\/index.php?rest_route=\/wp\/v2\/types\/page"}],"author":[{"embeddable":true,"href":"https:\/\/www.hubert-asam.de\/index.php?rest_route=\/wp\/v2\/users\/2"}],"replies":[{"embeddable":true,"href":"https:\/\/www.hubert-asam.de\/index.php?rest_route=%2Fwp%2Fv2%2Fcomments&post=1454"}],"version-history":[{"count":9,"href":"https:\/\/www.hubert-asam.de\/index.php?rest_route=\/wp\/v2\/pages\/1454\/revisions"}],"predecessor-version":[{"id":4538,"href":"https:\/\/www.hubert-asam.de\/index.php?rest_route=\/wp\/v2\/pages\/1454\/revisions\/4538"}],"wp:attachment":[{"href":"https:\/\/www.hubert-asam.de\/index.php?rest_route=%2Fwp%2Fv2%2Fmedia&parent=1454"}],"curies":[{"name":"wp","href":"https:\/\/api.w.org\/{rel}","templated":true}]}}