{"id":1409,"date":"2015-07-09T00:00:40","date_gmt":"2015-07-08T22:00:40","guid":{"rendered":"http:\/\/www.hubert-asam.de\/?page_id=1409"},"modified":"2015-08-03T23:23:09","modified_gmt":"2015-08-03T21:23:09","slug":"entwicklungsphasen","status":"publish","type":"page","link":"https:\/\/www.hubert-asam.de\/?page_id=1409","title":{"rendered":"Entwicklungsphasen"},"content":{"rendered":"<p>[et_pb_section][et_pb_row][et_pb_column type=&#8220;1_3&#8243;][et_pb_image admin_label=&#8220;Bild&#8220; src=&#8220;http:\/\/www.hubert-asam.de\/WP\/wp-content\/uploads\/2015\/07\/IMG_26866.jpg&#8220; show_in_lightbox=&#8220;off&#8220; url_new_window=&#8220;off&#8220; animation=&#8220;left&#8220; sticky=&#8220;off&#8220; align=&#8220;left&#8220; force_fullwidth=&#8220;off&#8220; always_center_on_mobile=&#8220;on&#8220; use_border_color=&#8220;off&#8220; border_color=&#8220;#ffffff&#8220; border_style=&#8220;solid&#8220; \/][\/et_pb_column][et_pb_column type=&#8220;2_3&#8243;][et_pb_text admin_label=&#8220;Text&#8220; background_layout=&#8220;light&#8220; text_orientation=&#8220;left&#8220; use_border_color=&#8220;off&#8220; border_color=&#8220;#ffffff&#8220; border_style=&#8220;solid&#8220;]<\/p>\n<h2><a href=\"http:\/\/www.hubert-asam.de\/WP\/wp-content\/uploads\/2015\/07\/logo100sw.jpg\"><img loading=\"lazy\" decoding=\"async\" class=\"alignnone size-full wp-image-264\" src=\"http:\/\/www.hubert-asam.de\/WP\/wp-content\/uploads\/2015\/07\/logo100sw.jpg\" alt=\"logo100sw\" width=\"100\" height=\"58\" \/><\/a><br \/>\nLebens &#8211; und Entwicklungsphasen.<\/h2>\n<p>Die psychosoziale Entwicklung, eines Tieres wird hier untersucht. Reifeproze\u00dfe und Abl\u00f6seproze\u00dfe werden erkl\u00e4rt und zeitlich eingeordnet.<br \/>\nDas sozial intelligente Tier, durchlebt seine physische und psychosoziale Entwicklung, in den gleichen Reifeproze\u00dfen wie ein Mensch.<br \/>\nDer Unterschied liegt in den zeitlichen Abl\u00e4ufen, ein Hund stirbt, bevor ein Mensch erwachsen wird. Ein Pferd stirbt bevor ein Mensch sozial inaktiv wird, ein Rabe ebenso.<br \/>\nTrotzdem mu\u00df jeder Hund sein Sozialleben innerhalb der 10 Jahre die ihm bleiben, komplett aufnehmen und abschlie\u00dfen, in seine Rolle hineinwachsen, sie ausf\u00fcllen und danach wieder abgeben. Ein Hund, der diese Aufgabe nie kenenlernt, weil seine Familie ihm keine hat, ist ein ungl\u00fccklicher Hund und er wird nie ganz Hund sein d\u00fcrfen.<br \/>\nEin Hund, der seiner Familie geben darf, was er am besten kann, wird ein gl\u00fccklicher Hund sein und er wird es uns danken und sich mit uns verbinden wollen.<br \/>\n<a href=\"http:\/\/www.hubert-asam.de\/WP\/wp-content\/uploads\/2015\/07\/logo100sw.jpg\"><img loading=\"lazy\" decoding=\"async\" class=\"alignnone size-full wp-image-264\" src=\"http:\/\/www.hubert-asam.de\/WP\/wp-content\/uploads\/2015\/07\/logo100sw.jpg\" alt=\"logo100sw\" width=\"100\" height=\"58\" \/><\/a><br \/>\nDer Mensch mu\u00df lernen, wie das soziale Timing seines Tieres ist, um sein Tier artgerecht erziehen zu k\u00f6nnen. Ein Fohlen oder Welpe, hat v\u00f6llig andere Fragen an die soziale Umwelt, als ein Jugendlicher oder ein Erwachsener, gleich welcher Spezie er angeh\u00f6rt. Ich habe hier anhand der Entwicklungsphasen eines Haushundes versucht, die Analogien zu erkl\u00e4ren.<br \/>\nIch habe dies ungew\u00f6hnlich genau und detailliert gemacht, um ihnen zu verdeutlichen, dass, wenn man sich auf die Welt der Tiere einl\u00e4\u00dft, man auch genauestens \u00fcber dessen Entwicklung Bescheid wei\u00df und sich und dem Tier sehr viel Stress und Probleme ersparen kann, wenn man auf die jeweiligen Bed\u00fcrfnisse ad\u00e4quat antworten kann.<br \/>\nDas wichtigste dabei ist: verwechseln sie Fohlen und Welpen nicht mit einem Baby und behandeln sie sie auch nicht so.<br \/>\nDas Fohlen ist von der Mutter abgesetzt wenn sie es kaufen k\u00f6nnen, der Welpe mit 8 Wochen auch. Das Baby nicht.<\/p>\n<p><a href=\"http:\/\/www.hubert-asam.de\/WP\/wp-content\/uploads\/2015\/07\/logo100sw.jpg\"><img loading=\"lazy\" decoding=\"async\" class=\"alignnone size-full wp-image-264\" src=\"http:\/\/www.hubert-asam.de\/WP\/wp-content\/uploads\/2015\/07\/logo100sw.jpg\" alt=\"logo100sw\" width=\"100\" height=\"58\" \/><\/a><\/p>\n<p>[\/et_pb_text][\/et_pb_column][\/et_pb_row][\/et_pb_section]<\/p>\n","protected":false},"excerpt":{"rendered":"<p><div class=\"et_pb_section et_pb_section_0 et_section_regular\" >\n\t\t\t\t\n\t\t\t\t\n\t\t\t\t\n\t\t\t\t\n\t\t\t\t\n\t\t\t\t\n\t\t\t\t\n\t\t\t\t\n\t\t\t\t\n\t\t\t<\/div><div class=\"et_pb_row et_pb_row_0 et_pb_row_empty\">\n\t\t\t\t\n\t\t\t\t\n\t\t\t\t\n\t\t\t\t\n\t\t\t\t\n\t\t\t<\/div> Lebens &#8211; und Entwicklungsphasen. Die psychosoziale Entwicklung, eines Tieres wird hier untersucht. Reifeproze\u00dfe und Abl\u00f6seproze\u00dfe werden erkl\u00e4rt und zeitlich eingeordnet. Das sozial intelligente Tier, durchlebt seine physische und psychosoziale Entwicklung, in den gleichen Reifeproze\u00dfen wie ein Mensch. Der Unterschied liegt in den zeitlichen Abl\u00e4ufen, ein Hund stirbt, bevor ein Mensch erwachsen wird. Ein Pferd [&hellip;]<\/p>\n","protected":false},"author":2,"featured_media":0,"parent":0,"menu_order":0,"comment_status":"closed","ping_status":"closed","template":"","meta":{"_et_pb_use_builder":"on","_et_pb_old_content":"","_et_gb_content_width":"","footnotes":""},"class_list":["post-1409","page","type-page","status-publish","hentry"],"_links":{"self":[{"href":"https:\/\/www.hubert-asam.de\/index.php?rest_route=\/wp\/v2\/pages\/1409","targetHints":{"allow":["GET"]}}],"collection":[{"href":"https:\/\/www.hubert-asam.de\/index.php?rest_route=\/wp\/v2\/pages"}],"about":[{"href":"https:\/\/www.hubert-asam.de\/index.php?rest_route=\/wp\/v2\/types\/page"}],"author":[{"embeddable":true,"href":"https:\/\/www.hubert-asam.de\/index.php?rest_route=\/wp\/v2\/users\/2"}],"replies":[{"embeddable":true,"href":"https:\/\/www.hubert-asam.de\/index.php?rest_route=%2Fwp%2Fv2%2Fcomments&post=1409"}],"version-history":[{"count":8,"href":"https:\/\/www.hubert-asam.de\/index.php?rest_route=\/wp\/v2\/pages\/1409\/revisions"}],"predecessor-version":[{"id":2427,"href":"https:\/\/www.hubert-asam.de\/index.php?rest_route=\/wp\/v2\/pages\/1409\/revisions\/2427"}],"wp:attachment":[{"href":"https:\/\/www.hubert-asam.de\/index.php?rest_route=%2Fwp%2Fv2%2Fmedia&parent=1409"}],"curies":[{"name":"wp","href":"https:\/\/api.w.org\/{rel}","templated":true}]}}