{"id":1365,"date":"2015-07-08T23:27:43","date_gmt":"2015-07-08T21:27:43","guid":{"rendered":"http:\/\/www.hubert-asam.de\/?page_id=1365"},"modified":"2015-08-04T10:30:21","modified_gmt":"2015-08-04T08:30:21","slug":"%c2%a711-tierschutzgesetz-volksverdummung","status":"publish","type":"page","link":"https:\/\/www.hubert-asam.de\/?page_id=1365","title":{"rendered":"\u00a711 Tierschutzgesetz, gut gemeint, katastrophal umgesetzt"},"content":{"rendered":"<p>[et_pb_section][et_pb_row][et_pb_column type=&#8220;1_2&#8243;][et_pb_image admin_label=&#8220;Bild&#8220; src=&#8220;http:\/\/www.hubert-asam.de\/WP\/wp-content\/uploads\/2015\/07\/P8230161.jpg&#8220; show_in_lightbox=&#8220;off&#8220; url_new_window=&#8220;off&#8220; animation=&#8220;left&#8220; sticky=&#8220;off&#8220; align=&#8220;left&#8220; force_fullwidth=&#8220;off&#8220; always_center_on_mobile=&#8220;on&#8220; use_border_color=&#8220;off&#8220; border_color=&#8220;#ffffff&#8220; border_style=&#8220;solid&#8220; \/][\/et_pb_column][et_pb_column type=&#8220;1_2&#8243;][et_pb_text admin_label=&#8220;Text&#8220; background_layout=&#8220;light&#8220; text_orientation=&#8220;left&#8220; use_border_color=&#8220;off&#8220; border_color=&#8220;#ffffff&#8220; border_style=&#8220;solid&#8220;]<\/p>\n<p><a href=\"http:\/\/www.hubert-asam.de\/WP\/wp-content\/uploads\/2015\/07\/logo100sw.jpg\"><img loading=\"lazy\" decoding=\"async\" class=\"alignnone size-full wp-image-264\" src=\"http:\/\/www.hubert-asam.de\/WP\/wp-content\/uploads\/2015\/07\/logo100sw.jpg\" alt=\"logo100sw\" width=\"100\" height=\"58\" \/><\/a><br \/>\n\u201eVON FALSCHER G\u00dcTE GEHT EIN SCHLECHTER GERUCH AUS.<br \/>\nW\u00dcSSTE ICH MIT SICHERHEIT ES K\u00c4ME EINER IN MEIN HAUS UM MIR GUTES ZU TUN,<br \/>\nICH W\u00dcRDE FORTRENNEN ALS G\u00c4LTE ES MEIN LEBEN,<br \/>\nAUS ANGST MIR NUR EINE SEINER WOHLTATEN GEFALLEN ZU LASSEN,<br \/>\nMEIN BLUT DAMIT ZU INFIZIEREN\u201c<\/p>\n<p>HENRY D. THOREAU \u201eA HOUSE IN THE WOODS\u201c 1846<\/p>\n<p>[\/et_pb_text][\/et_pb_column][\/et_pb_row][\/et_pb_section]<\/p>\n","protected":false},"excerpt":{"rendered":"<p><div class=\"et_pb_section et_pb_section_0 et_section_regular\" >\n\t\t\t\t\n\t\t\t\t\n\t\t\t\t\n\t\t\t\t\n\t\t\t\t\n\t\t\t\t\n\t\t\t\t\n\t\t\t\t\n\t\t\t\t\n\t\t\t<\/div><div class=\"et_pb_row et_pb_row_0 et_pb_row_empty\">\n\t\t\t\t\n\t\t\t\t\n\t\t\t\t\n\t\t\t\t\n\t\t\t\t\n\t\t\t<\/div> \u201eVON FALSCHER G\u00dcTE GEHT EIN SCHLECHTER GERUCH AUS. W\u00dcSSTE ICH MIT SICHERHEIT ES K\u00c4ME EINER IN MEIN HAUS UM MIR GUTES ZU TUN, ICH W\u00dcRDE FORTRENNEN ALS G\u00c4LTE ES MEIN LEBEN, AUS ANGST MIR NUR EINE SEINER WOHLTATEN GEFALLEN ZU LASSEN, MEIN BLUT DAMIT ZU INFIZIEREN\u201c HENRY D. THOREAU \u201eA HOUSE IN THE WOODS\u201c [&hellip;]<\/p>\n","protected":false},"author":2,"featured_media":0,"parent":0,"menu_order":0,"comment_status":"closed","ping_status":"closed","template":"","meta":{"_et_pb_use_builder":"on","_et_pb_old_content":"","_et_gb_content_width":"","footnotes":""},"class_list":["post-1365","page","type-page","status-publish","hentry"],"_links":{"self":[{"href":"https:\/\/www.hubert-asam.de\/index.php?rest_route=\/wp\/v2\/pages\/1365","targetHints":{"allow":["GET"]}}],"collection":[{"href":"https:\/\/www.hubert-asam.de\/index.php?rest_route=\/wp\/v2\/pages"}],"about":[{"href":"https:\/\/www.hubert-asam.de\/index.php?rest_route=\/wp\/v2\/types\/page"}],"author":[{"embeddable":true,"href":"https:\/\/www.hubert-asam.de\/index.php?rest_route=\/wp\/v2\/users\/2"}],"replies":[{"embeddable":true,"href":"https:\/\/www.hubert-asam.de\/index.php?rest_route=%2Fwp%2Fv2%2Fcomments&post=1365"}],"version-history":[{"count":5,"href":"https:\/\/www.hubert-asam.de\/index.php?rest_route=\/wp\/v2\/pages\/1365\/revisions"}],"predecessor-version":[{"id":2448,"href":"https:\/\/www.hubert-asam.de\/index.php?rest_route=\/wp\/v2\/pages\/1365\/revisions\/2448"}],"wp:attachment":[{"href":"https:\/\/www.hubert-asam.de\/index.php?rest_route=%2Fwp%2Fv2%2Fmedia&parent=1365"}],"curies":[{"name":"wp","href":"https:\/\/api.w.org\/{rel}","templated":true}]}}