{"id":1299,"date":"2015-07-08T22:06:47","date_gmt":"2015-07-08T20:06:47","guid":{"rendered":"http:\/\/www.hubert-asam.de\/?page_id=1299"},"modified":"2015-08-05T00:24:11","modified_gmt":"2015-08-04T22:24:11","slug":"authoritaetsebenen","status":"publish","type":"page","link":"https:\/\/www.hubert-asam.de\/?page_id=1299","title":{"rendered":"Authorit\u00e4ts-ebenen"},"content":{"rendered":"<p>[et_pb_section][et_pb_row][et_pb_column type=&#8220;1_2&#8243;][et_pb_image admin_label=&#8220;Bild&#8220; src=&#8220;http:\/\/www.hubert-asam.de\/WP\/wp-content\/uploads\/2015\/07\/R7J4827-klein1.jpg&#8220; show_in_lightbox=&#8220;off&#8220; url_new_window=&#8220;off&#8220; animation=&#8220;left&#8220; sticky=&#8220;off&#8220; align=&#8220;left&#8220; force_fullwidth=&#8220;off&#8220; always_center_on_mobile=&#8220;on&#8220; use_border_color=&#8220;off&#8220; border_color=&#8220;#ffffff&#8220; border_style=&#8220;solid&#8220; \/][et_pb_image admin_label=&#8220;Bild&#8220; src=&#8220;http:\/\/www.hubert-asam.de\/WP\/wp-content\/uploads\/2015\/07\/R7J4809-klein1.jpg&#8220; show_in_lightbox=&#8220;off&#8220; url_new_window=&#8220;off&#8220; animation=&#8220;left&#8220; sticky=&#8220;off&#8220; align=&#8220;left&#8220; force_fullwidth=&#8220;off&#8220; always_center_on_mobile=&#8220;on&#8220; use_border_color=&#8220;off&#8220; border_color=&#8220;#ffffff&#8220; border_style=&#8220;solid&#8220; \/][et_pb_image admin_label=&#8220;Bild&#8220; src=&#8220;http:\/\/www.hubert-asam.de\/WP\/wp-content\/uploads\/2015\/07\/R7J4802-klein1.jpg&#8220; show_in_lightbox=&#8220;off&#8220; url_new_window=&#8220;off&#8220; animation=&#8220;left&#8220; sticky=&#8220;off&#8220; align=&#8220;left&#8220; force_fullwidth=&#8220;off&#8220; always_center_on_mobile=&#8220;on&#8220; use_border_color=&#8220;off&#8220; border_color=&#8220;#ffffff&#8220; border_style=&#8220;solid&#8220; \/][\/et_pb_column][et_pb_column type=&#8220;1_2&#8243;][et_pb_text admin_label=&#8220;Text&#8220; background_layout=&#8220;light&#8220; text_orientation=&#8220;left&#8220; use_border_color=&#8220;off&#8220; border_color=&#8220;#ffffff&#8220; border_style=&#8220;solid&#8220;]<\/p>\n<p><a href=\"http:\/\/www.hubert-asam.de\/WP\/wp-content\/uploads\/2015\/07\/logo100sw.jpg\"><img loading=\"lazy\" decoding=\"async\" class=\"alignnone size-full wp-image-264\" src=\"http:\/\/www.hubert-asam.de\/WP\/wp-content\/uploads\/2015\/07\/logo100sw.jpg\" alt=\"logo100sw\" width=\"100\" height=\"58\" \/><\/a><\/p>\n<p>Einer der zentralen Schl\u00fc\u00dfel zum Verst\u00e4ndnis von sozialer Sprache, sind Authorit\u00e4tsebenen.<br \/>\nJeder andere Kommunikationsparameter ver\u00e4ndert sich teils v\u00f6llig kontr\u00e4r danach, in welcher Authorit\u00e4ts- Ebene die Interaktion stattfindet.<br \/>\nAm auff\u00e4lligsten ist die Regelung von N\u00e4he und Distanz, die im Befehl dringend Distanz und im Spiel dringend N\u00e4he erfordert. N\u00e4he l\u00f6st den Befehl auf, distanziert sich ein Spielpartner, ist das Spiel vorbei.<br \/>\nBer\u00fchrungen l\u00f6sen Befehle auf. Hunde und Pferde fragen \u00fcber den Versuch innerhalb eines Befehls N\u00e4he zu gewinnen danach, ob die gemeinsame Handlung auch wirklich ein Befehl ist. N\u00e4he ist gleichzeitig Rangordnungsparameter, nur der Ranghohe kann sie aussprechen.<\/p>\n<p><a href=\"http:\/\/www.hubert-asam.de\/WP\/wp-content\/uploads\/2015\/07\/logo100sw.jpg\"><img loading=\"lazy\" decoding=\"async\" class=\"alignnone size-full wp-image-264\" src=\"http:\/\/www.hubert-asam.de\/WP\/wp-content\/uploads\/2015\/07\/logo100sw.jpg\" alt=\"logo100sw\" width=\"100\" height=\"58\" \/><\/a><br \/>\nIch unterscheide hier 4 Ebenen, Befehl, Spiel, Freilauf und Arbeit.<br \/>\nMit dem 4. werden viele etwas Verst\u00e4ndnisschwierigkeiten haben, denn die wenigsten haben die M\u00f6glichkiet mit ihrem Tier in artgerechte, echte sinnvolle Arbeit zu gehen. Agility ist nicht artgerecht. Obedience und andere Modeerscheinungen auch nicht. H\u00fcten nur zum Hundetraining &#8230; naja, fast.<\/p>\n<p>Ohne dass klare Bestimmung welcher Authorit\u00e4ts &#8211; Ebene eine Handlung stattgefunden hat, ist die Bewertung von tierischem Verhalten nicht m\u00f6glich. Das Wissen um die wirkende Authorit\u00e4tsebene ist dringend notwendig f\u00fcr die Interpr\u00e4tiaton von Sozialverhalten.<br \/>\n<a href=\"http:\/\/www.hubert-asam.de\/WP\/wp-content\/uploads\/2015\/07\/logo100sw.jpg\"><img loading=\"lazy\" decoding=\"async\" class=\"alignnone size-full wp-image-264\" src=\"http:\/\/www.hubert-asam.de\/WP\/wp-content\/uploads\/2015\/07\/logo100sw.jpg\" alt=\"logo100sw\" width=\"100\" height=\"58\" \/><\/a><br \/>\nDie Bedeutung ein und des selben Verhaltens, kann sich, durch das Ver\u00e4ndern der Authorit\u00e4ts &#8211; Ebene v\u00f6llig verdrehen, teils in genau das Gegenteil der Bedeutung in der anderen Ebene.<br \/>\n<a href=\"http:\/\/www.hubert-asam.de\/WP\/wp-content\/uploads\/2015\/07\/logo100sw.jpg\"><img loading=\"lazy\" decoding=\"async\" class=\"alignnone size-full wp-image-264\" src=\"http:\/\/www.hubert-asam.de\/WP\/wp-content\/uploads\/2015\/07\/logo100sw.jpg\" alt=\"logo100sw\" width=\"100\" height=\"58\" \/><\/a><br \/>\nDie Frage: was bedeutet es wenn mein Hund &#8230; macht? kann also nie sofort beantwortet werden, die Gegefrage w\u00e4re zuerst zu beantwoten: &#8222;In welcher Authorit\u00e4ts &#8211; Ebene fand die Aktion statt&#8220;?<br \/>\nHatte jemand einen Befehl ausgesprochen oder nicht?<\/p>\n<p>[\/et_pb_text][\/et_pb_column][\/et_pb_row][\/et_pb_section]<\/p>\n","protected":false},"excerpt":{"rendered":"<p><div class=\"et_pb_section et_pb_section_0 et_section_regular\" >\n\t\t\t\t\n\t\t\t\t\n\t\t\t\t\n\t\t\t\t\n\t\t\t\t\n\t\t\t\t\n\t\t\t\t\n\t\t\t\t\n\t\t\t\t\n\t\t\t<\/div><div class=\"et_pb_row et_pb_row_0 et_pb_row_empty\">\n\t\t\t\t\n\t\t\t\t\n\t\t\t\t\n\t\t\t\t\n\t\t\t\t\n\t\t\t<\/div> Einer der zentralen Schl\u00fc\u00dfel zum Verst\u00e4ndnis von sozialer Sprache, sind Authorit\u00e4tsebenen. Jeder andere Kommunikationsparameter ver\u00e4ndert sich teils v\u00f6llig kontr\u00e4r danach, in welcher Authorit\u00e4ts- Ebene die Interaktion stattfindet. Am auff\u00e4lligsten ist die Regelung von N\u00e4he und Distanz, die im Befehl dringend Distanz und im Spiel dringend N\u00e4he erfordert. N\u00e4he l\u00f6st den Befehl auf, distanziert sich [&hellip;]<\/p>\n","protected":false},"author":2,"featured_media":0,"parent":0,"menu_order":0,"comment_status":"open","ping_status":"open","template":"","meta":{"_et_pb_use_builder":"on","_et_pb_old_content":"","_et_gb_content_width":"","footnotes":""},"class_list":["post-1299","page","type-page","status-publish","hentry"],"_links":{"self":[{"href":"https:\/\/www.hubert-asam.de\/index.php?rest_route=\/wp\/v2\/pages\/1299","targetHints":{"allow":["GET"]}}],"collection":[{"href":"https:\/\/www.hubert-asam.de\/index.php?rest_route=\/wp\/v2\/pages"}],"about":[{"href":"https:\/\/www.hubert-asam.de\/index.php?rest_route=\/wp\/v2\/types\/page"}],"author":[{"embeddable":true,"href":"https:\/\/www.hubert-asam.de\/index.php?rest_route=\/wp\/v2\/users\/2"}],"replies":[{"embeddable":true,"href":"https:\/\/www.hubert-asam.de\/index.php?rest_route=%2Fwp%2Fv2%2Fcomments&post=1299"}],"version-history":[{"count":9,"href":"https:\/\/www.hubert-asam.de\/index.php?rest_route=\/wp\/v2\/pages\/1299\/revisions"}],"predecessor-version":[{"id":2443,"href":"https:\/\/www.hubert-asam.de\/index.php?rest_route=\/wp\/v2\/pages\/1299\/revisions\/2443"}],"wp:attachment":[{"href":"https:\/\/www.hubert-asam.de\/index.php?rest_route=%2Fwp%2Fv2%2Fmedia&parent=1299"}],"curies":[{"name":"wp","href":"https:\/\/api.w.org\/{rel}","templated":true}]}}